{"id":2937,"date":"2024-10-04T11:10:53","date_gmt":"2024-10-04T11:10:53","guid":{"rendered":"https:\/\/osphim.com\/privacy-policy\/"},"modified":"2025-03-30T17:16:28","modified_gmt":"2025-03-30T17:16:28","slug":"privacy-policy","status":"publish","type":"page","link":"https:\/\/osphim.com\/de\/privacy-policy\/","title":{"rendered":"Privacy Policy"},"content":{"rendered":"\n<div class=\"wp-block-greenshift-blocks-row alignfull gspb_row gspb_row-id-gsbp-643c1f6 headerBlockv2\" id=\"gspb_row-id-gsbp-643c1f6\">\n<div class=\"wp-block-greenshift-blocks-row-column gspb_row__col--12 gspb_col-id-gsbp-0e43e4c\" id=\"gspb_col-id-gsbp-0e43e4c\"><style type=\"text\/css\">\n\t#header-block-block_2b82bd1ea491223cb29b4b08fa2e1829\n.dnOverlayForMixBlend:before {\n\t\tmix-blend-mode: color-dodge;\n\t}\n<\/style>\n<section id=\"header-block-block_2b82bd1ea491223cb29b4b08fa2e1829\" class=\"block-header-block image relative \">\n\t<div class=\"grid relative\">\n\t\t<div class=\"relative\" data-class=\"dnOverlayForMixBlend\">\t\t\t<div class=\"\">\n\t\t\t\t\t\t\t\t\t\t\t\t\t\t\t\t\t\t\t\t\t\t\t\t<\/div>\n\t\t\t\t\t\t<\/div>\t\t<div class=\"lg:absolute z-10 top-40vw lg:top-[initial] lg:bottom-0 w-full\">\n\t\t\t<div class=\"mx-auto dn-innerwidth\">\n\t\t\t\t<div>\n\t\t\t\t\t<div class=\"z-10 lg:max-w-[60ch]\" data-class=\"bg-primary-10 p-space-m\">\n\t\t\t\t\t\t<div class=\"wysiwyg\">\n\t\t\t\t\t\t\t<h1><em>Datenschutzrichtlinie<\/em><\/h1>\n<hr>\n<p>&nbsp;<\/p>\n\t\t\t\t\t\t<\/div>\n\t\t\t\t\t\t<div class=\"flex gap-space-l\">\n\t\t\t\t\t\t\t\t\t\t\t\t\t\t\t\t\t\t\t\t<\/div>\n\t\t\t\t\t<\/div>\n\t\t\t\t<\/div>\n\t\t\t<\/div>\n\t\t<\/div>\n\t<\/div>\n<\/section><\/div>\n<\/div>\n\n<div class=\"wp-block-greenshift-blocks-row gspb_row gspb_row-id-gsbp-7ca0da9 textInnerWidthBlock\" id=\"gspb_row-id-gsbp-7ca0da9\"><div class=\"gspb_row__content\"> \n<div class=\"wp-block-greenshift-blocks-row-column gspb_row__col--12 gspb_col-id-gsbp-59f7d96\" id=\"gspb_col-id-gsbp-59f7d96\">\n<h2 class=\"wp-block-heading\" id=\"1-an-overview-of-data-protection\">1. Ein \u00dcberblick \u00fcber den Datenschutz<\/h2>\n\n\n\n<h3 class=\"wp-block-heading\" id=\"general-information\">Allgemeine Informationen<\/h3>\n\n\n\n<p>Die folgenden Informationen geben Ihnen einen leicht verst\u00e4ndlichen \u00dcberblick dar\u00fcber, was mit Ihren personenbezogenen Daten passiert, wenn Sie diese Website besuchen. Der Begriff \u201epersonenbezogene Daten\u201c umfasst alle Daten, mit denen Sie pers\u00f6nlich identifiziert werden k\u00f6nnen. Ausf\u00fchrliche Informationen zum Thema Datenschutz finden Sie in unserer Datenschutzerkl\u00e4rung, die wir Ihnen im Anschluss an dieses Exemplar zur Verf\u00fcgung stellen.  <\/p>\n\n\n\n<h3 class=\"wp-block-heading\" id=\"data-recording-on-this-website\">Datenerfassung auf dieser Website<\/h3>\n\n\n\n<h4 class=\"wp-block-heading\" id=\"who-is-the-responsible-party-for-the-recording-of-data-on-this-website-i-e-the-controller\">Wer ist der Verantwortliche f\u00fcr die Erfassung von Daten auf dieser Website (d.h. der \u201ef\u00fcr die Verarbeitung Verantwortliche\u201c)?<\/h4>\n\n\n\n<p>Die Daten auf dieser Website werden vom Betreiber der Website verarbeitet, dessen Kontaktinformationen im Abschnitt \u201eInformationen \u00fcber die verantwortliche Stelle (in der DSGVO als \u201af\u00fcr die Verarbeitung Verantwortlicher\u2018 bezeichnet)\u201c in dieser Datenschutzrichtlinie zu finden sind.<\/p>\n\n\n\n<h4 class=\"wp-block-heading\" id=\"how-do-we-record-your-data\">Wie erfassen wir Ihre Daten?<\/h4>\n\n\n\n<p>Wir erheben Ihre Daten, wenn Sie uns Ihre Daten zur Verf\u00fcgung stellen. Dies k\u00f6nnen z. B. Informationen sein, die Sie in unser Kontaktformular eingeben. <\/p>\n\n\n\n<p>Andere Daten werden von unseren IT-Systemen automatisch oder mit Ihrer Zustimmung w\u00e4hrend Ihres Besuchs der Website erfasst. Bei diesen Daten handelt es sich in erster Linie um technische Informationen (z. B. Webbrowser, Betriebssystem oder Zeitpunkt des Zugriffs auf die Website). Diese Informationen werden automatisch erfasst, wenn Sie auf diese Website zugreifen.  <\/p>\n\n\n\n<h4 class=\"wp-block-heading\" id=\"what-are-the-purposes-we-use-your-data-for\">F\u00fcr welche Zwecke verwenden wir Ihre Daten?<\/h4>\n\n\n\n<p>Ein Teil der Informationen wird generiert, um die fehlerfreie Bereitstellung der Website zu gew\u00e4hrleisten. Andere Daten k\u00f6nnen verwendet werden, um Ihr Nutzungsverhalten zu analysieren. <\/p>\n\n\n\n<h4 class=\"wp-block-heading\" id=\"what-rights-do-you-have-as-far-as-your-information-is-concerned\">Welche Rechte haben Sie in Bezug auf Ihre Informationen?<\/h4>\n\n\n\n<p>Sie haben das Recht, jederzeit Auskunft \u00fcber Herkunft, Empf\u00e4nger und Verwendungszweck Ihrer archivierten personenbezogenen Daten zu erhalten, ohne dass hierf\u00fcr eine Geb\u00fchr anf\u00e4llt. Sie haben auch das Recht, die Berichtigung oder L\u00f6schung Ihrer Daten zu verlangen. Wenn Sie in die Datenverarbeitung eingewilligt haben, haben Sie die M\u00f6glichkeit, diese Einwilligung jederzeit zu widerrufen, mit Wirkung f\u00fcr die Zukunft. Au\u00dferdem haben Sie das Recht zu verlangen, dass die Verarbeitung Ihrer Daten unter bestimmten Umst\u00e4nden eingeschr\u00e4nkt wird. Dar\u00fcber hinaus haben Sie das Recht, bei der zust\u00e4ndigen Aufsichtsbeh\u00f6rde eine Beschwerde einzureichen.    <\/p>\n\n\n\n<p>Bitte z\u00f6gern Sie nicht, uns jederzeit zu kontaktieren, wenn Sie Fragen zu diesem oder anderen datenschutzrelevanten Themen haben.<\/p>\n\n\n\n<h2 class=\"wp-block-heading\" id=\"2-general-information-and-mandatory-information\">2. Allgemeine Informationen und Pflichtangaben<\/h2>\n\n\n\n<h3 class=\"wp-block-heading\" id=\"data-protection\">Datenschutz<\/h3>\n\n\n\n<p>Die Betreiber dieser Website und ihrer Seiten nehmen den Schutz Ihrer pers\u00f6nlichen Daten sehr ernst. Deshalb behandeln wir Ihre personenbezogenen Daten vertraulich und entsprechend der gesetzlichen Datenschutzvorschriften sowie dieser Datenschutzerkl\u00e4rung. <\/p>\n\n\n\n<p>Wenn Sie diese Website nutzen, werden verschiedene personenbezogene Daten erhoben. Personenbezogene Daten sind Daten, mit denen Sie pers\u00f6nlich identifiziert werden k\u00f6nnen. In dieser Datenschutzerkl\u00e4rung wird erl\u00e4utert, welche Daten wir sammeln und f\u00fcr welche Zwecke wir diese Daten verwenden. Sie erkl\u00e4rt auch, wie und zu welchem Zweck die Daten erhoben werden.   <\/p>\n\n\n\n<p>Wir weisen Sie darauf hin, dass die Daten\u00fcbertragung im Internet (z.B. bei der Kommunikation per E-Mail) Sicherheitsl\u00fccken aufweisen kann. Ein l\u00fcckenloser Schutz der Daten vor dem Zugriff durch Dritte ist nicht m\u00f6glich. <\/p>\n\n\n\n<h3 class=\"wp-block-heading\" id=\"information-about-the-responsible-party-referred-to-as-the-controller-in-the-gdpr\">Informationen \u00fcber die verantwortliche Partei (in der DSGVO als \u201ef\u00fcr die Verarbeitung Verantwortlicher\u201c bezeichnet)<\/h3>\n\n\n\n<p>Der f\u00fcr die Datenverarbeitung auf dieser Website Verantwortliche ist:<\/p>\n\n\n\n<p>Osphim GmbH<br\/>Seffenter Weg 201<br\/>52074 Aachen<br\/>Germany<\/p>\n\n\n\n<p>E-mail: info@osphim.com<\/p>\n\n\n\n<p>Der f\u00fcr die Verarbeitung Verantwortliche ist die nat\u00fcrliche oder juristische Person, die allein oder gemeinsam mit anderen \u00fcber die Zwecke und Mittel der Verarbeitung personenbezogener Daten (z. B. Namen, E-Mail-Adressen usw.) entscheidet.<\/p>\n\n\n\n<h3 class=\"wp-block-heading\" id=\"storage-duration\">Speicherdauer<\/h3>\n\n\n\n<p>Sofern in dieser Datenschutzerkl\u00e4rung keine genauere Aufbewahrungsfrist angegeben ist, verbleiben Ihre personenbezogenen Daten bei uns, bis der Zweck, zu dem sie erhoben wurden, entf\u00e4llt. Wenn Sie einen begr\u00fcndeten Antrag auf L\u00f6schung stellen oder Ihre Einwilligung zur Datenverarbeitung widerrufen, werden Ihre Daten gel\u00f6scht, es sei denn, wir haben andere gesetzlich zul\u00e4ssige Gr\u00fcnde f\u00fcr die Speicherung Ihrer personenbezogenen Daten (z. B. steuer- oder handelsrechtliche Aufbewahrungsfristen); im letzteren Fall erfolgt die L\u00f6schung nach Wegfall dieser Gr\u00fcnde. <\/p>\n\n\n\n<h3 class=\"wp-block-heading\" id=\"information-on-data-transfer-to-the-usa-and-other-non-eu-countries\">Informationen zur Daten\u00fcbermittlung in die USA und andere Nicht-EU-L\u00e4nder<\/h3>\n\n\n\n<p>Wir nutzen unter anderem Tools von Unternehmen mit Sitz in den Vereinigten Staaten oder anderen aus datenschutzrechtlicher Sicht unsicheren Nicht-EU-L\u00e4ndern. Wenn diese Tools aktiv sind, k\u00f6nnen Ihre personenbezogenen Daten m\u00f6glicherweise in diese Nicht-EU-L\u00e4nder \u00fcbertragen und dort verarbeitet werden. Wir m\u00fcssen darauf hinweisen, dass in diesen L\u00e4ndern ein mit der EU vergleichbares Datenschutzniveau nicht gew\u00e4hrleistet werden kann. So sind beispielsweise US-Unternehmen verpflichtet, personenbezogene Daten an die Sicherheitsbeh\u00f6rden weiterzugeben, und Sie als betroffene Person haben keine M\u00f6glichkeit, sich vor Gericht zu wehren. Es kann daher nicht ausgeschlossen werden, dass US-Beh\u00f6rden (z.B. der Secret Service) Ihre personenbezogenen Daten zu \u00dcberwachungszwecken verarbeiten, auswerten und dauerhaft archivieren. Auf diese Verarbeitungsvorg\u00e4nge haben wir keinen Einfluss.     <\/p>\n\n\n\n<h3 class=\"wp-block-heading\" id=\"revocation-of-your-consent-to-the-processing-of-data\">Widerruf der Einwilligung in die Datenverarbeitung<\/h3>\n\n\n\n<p>Eine Vielzahl von Datenverarbeitungsvorg\u00e4ngen ist nur mit Ihrer ausdr\u00fccklichen Zustimmung m\u00f6glich. Auch eine bereits erteilte Einwilligung k\u00f6nnen Sie jederzeit widerrufen. Die Rechtm\u00e4\u00dfigkeit der bis zum Widerruf erfolgten Datenerhebung bleibt hiervon unber\u00fchrt.  <\/p>\n\n\n\n<h3 class=\"wp-block-heading\" id=\"right-to-object-to-the-collection-of-data-in-special-cases-right-to-object-to-direct-advertising-art-21-gdpr\">Recht auf Widerspruch gegen die Datenerhebung in besonderen F\u00e4llen; Recht auf Widerspruch gegen Direktwerbung (Art. 21 GDPR)<\/h3>\n\n\n\n<p>F\u00dcR DEN FALL, DASS DATEN AUF DER GRUNDLAGE VON ART. 6(1)(E) ODER (F) GDPR VERARBEITET WERDEN, HABEN SIE DAS RECHT, AUS GR\u00dcNDEN, DIE SICH AUS IHRER BESONDEREN SITUATION ERGEBEN, JEDERZEIT GEGEN DIE VERARBEITUNG IHRER PERSONENBEZOGENEN DATEN WIDERSPRUCH EINZULEGEN. DIES GILT AUCH F\u00dcR EIN AUF DIESE BESTIMMUNGEN GEST\u00dcTZTES PROFILING. DIE RECHTSGRUNDLAGE, AUF DIE SICH EINE DATENVERARBEITUNG ST\u00dcTZT, K\u00d6NNEN SIE IN DIESER DATENSCHUTZERKL\u00c4RUNG NACHLESEN. WENN SIE WIDERSPRUCH EINLEGEN, WERDEN WIR IHRE BETROFFENEN PERSONENBEZOGENEN DATEN NICHT MEHR VERARBEITEN, ES SEI DENN, WIR K\u00d6NNEN ZWINGENDE SCHUTZW\u00dcRDIGE GR\u00dcNDE F\u00dcR DIE VERARBEITUNG IHRER DATEN NACHWEISEN, DIE IHRE INTERESSEN, RECHTE UND FREIHEITEN \u00dcBERWIEGEN, ODER DER ZWECK DER VERARBEITUNG BESTEHT IN DER GELTENDMACHUNG, AUS\u00dcBUNG ODER VERTEIDIGUNG VON RECHTSANSPR\u00dcCHEN (WIDERSPRUCH GEM. ART. 21(1) GDPR).<\/p>\n\n\n\n<p>WERDEN IHRE PERSONENBEZOGENEN DATEN VERARBEITET, UM DIREKTWERBUNG ZU BETREIBEN, SO HABEN SIE DAS RECHT, JEDERZEIT WIDERSPRUCH GEGEN DIE VERARBEITUNG DER SIE BETREFFENDEN PERSONENBEZOGENEN DATEN ZUM ZWECKE DERARTIGER WERBUNG EINZULEGEN. DIES GILT AUCH F\u00dcR DAS PROFILING, SOWEIT ES MIT SOLCHER DIREKTWERBUNG IN VERBINDUNG STEHT. WENN SIE WIDERSPRECHEN, WERDEN IHRE PERSONENBEZOGENEN DATEN IN DER FOLGE NICHT MEHR F\u00dcR ZWECKE DER DIREKTWERBUNG GENUTZT (WIDERSPRUCH GEM. ART. 21(2) GDPR).  <\/p>\n\n\n\n<h3 class=\"wp-block-heading\" id=\"right-to-log-a-complaint-with-the-competent-supervisory-agency\">Recht auf Einreichung einer Beschwerde bei der zust\u00e4ndigen Aufsichtsbeh\u00f6rde<\/h3>\n\n\n\n<p>Im Falle von Verst\u00f6\u00dfen gegen die DSGVO haben betroffene Personen das Recht, eine Beschwerde bei einer Aufsichtsbeh\u00f6rde einzureichen, insbesondere in dem Mitgliedstaat, in dem sie gew\u00f6hnlich ihren Wohnsitz, ihren Arbeitsplatz oder den Ort haben, an dem der mutma\u00dfliche Versto\u00df stattgefunden hat. Das Recht, eine Beschwerde einzureichen, gilt unabh\u00e4ngig von allen anderen Verwaltungs- oder Gerichtsverfahren, die als Rechtsmittel zur Verf\u00fcgung stehen. <\/p>\n\n\n\n<h3 class=\"wp-block-heading\" id=\"right-to-data-portability\">Recht auf Daten\u00fcbertragbarkeit<\/h3>\n\n\n\n<p>Sie haben das Recht zu verlangen, dass wir Ihnen oder einem Dritten die Daten, die wir aufgrund Ihrer Einwilligung oder zur Erf\u00fcllung eines Vertrages automatisiert verarbeiten, in einem g\u00e4ngigen, maschinenlesbaren Format aush\u00e4ndigen. Sollten Sie die direkte \u00dcbermittlung der Daten an einen anderen f\u00fcr die Verarbeitung Verantwortlichen verlangen, wird dies nur geschehen, wenn es technisch machbar ist. <\/p>\n\n\n\n<h3 class=\"wp-block-heading\" id=\"ssl-and-or-tls-encryption\">SSL- und\/oder TLS-Verschl\u00fcsselung<\/h3>\n\n\n\n<p>Aus Sicherheitsgr\u00fcnden und zum Schutz der \u00dcbertragung vertraulicher Inhalte, wie z.B. Bestellungen oder Anfragen, die Sie an uns als Betreiber der Website richten, verwendet diese Website entweder ein SSL- oder ein TLS-Verschl\u00fcsselungsprogramm. Eine verschl\u00fcsselte Verbindung erkennen Sie daran, dass die Adresszeile des Browsers von \u201ehttp:\/\/\u201c auf \u201ehttps:\/\/\u201c wechselt und das Schloss-Symbol in der Browserzeile erscheint. <\/p>\n\n\n\n<p>Wenn die SSL- oder TLS-Verschl\u00fcsselung aktiviert ist, k\u00f6nnen Daten, die Sie an uns \u00fcbermitteln, nicht von Dritten gelesen werden.<\/p>\n\n\n\n<h3 class=\"wp-block-heading\" id=\"information-about-rectification-and-eradication-of-data\">Auskunft \u00fcber, Berichtigung und L\u00f6schung von Daten<\/h3>\n\n\n\n<p>Sie haben im Rahmen der geltenden gesetzlichen Bestimmungen das Recht, jederzeit Auskunft \u00fcber Ihre archivierten personenbezogenen Daten, deren Herkunft und Empf\u00e4nger sowie den Zweck der Verarbeitung Ihrer Daten zu verlangen. Dar\u00fcber hinaus haben Sie gegebenenfalls ein Recht auf Berichtigung oder L\u00f6schung Ihrer Daten. Wenn Sie Fragen zu diesem Thema oder andere Fragen zum Thema personenbezogene Daten haben, k\u00f6nnen Sie sich jederzeit an uns wenden.  <\/p>\n\n\n\n<h3 class=\"wp-block-heading\" id=\"right-to-demand-processing-restrictions\">Recht auf Einschr\u00e4nkung der Verarbeitung<\/h3>\n\n\n\n<p>Sie haben das Recht, die Einschr\u00e4nkung der Verarbeitung Ihrer personenbezogenen Daten zu verlangen. Zu diesem Zweck k\u00f6nnen Sie sich jederzeit an uns wenden. Das Recht, die Einschr\u00e4nkung der Verarbeitung zu verlangen, gilt in den folgenden F\u00e4llen:  <\/p>\n\n\n\n<ul class=\"wp-block-list\">\n<li>Sollten Sie die Richtigkeit Ihrer bei uns gespeicherten Daten bestreiten, ben\u00f6tigen wir in der Regel eine gewisse Zeit, um diese Behauptung zu \u00fcberpr\u00fcfen. W\u00e4hrend dieser Pr\u00fcfung haben Sie das Recht zu verlangen, dass wir die Verarbeitung Ihrer personenbezogenen Daten einschr\u00e4nken. <\/li>\n\n\n\n<li>Wenn die Verarbeitung Ihrer personenbezogenen Daten in unrechtm\u00e4\u00dfiger Weise erfolgte\/erfolgt, haben Sie die M\u00f6glichkeit, anstelle der L\u00f6schung dieser Daten die Einschr\u00e4nkung der Verarbeitung Ihrer Daten zu verlangen.<\/li>\n\n\n\n<li>Wenn wir Ihre personenbezogenen Daten nicht mehr ben\u00f6tigen und Sie diese zur Aus\u00fcbung, Verteidigung oder Geltendmachung von Rechtsanspr\u00fcchen ben\u00f6tigen, haben Sie das Recht, anstelle der L\u00f6schung die Einschr\u00e4nkung der Verarbeitung Ihrer personenbezogenen Daten zu verlangen.<\/li>\n\n\n\n<li>Wenn Sie einen Widerspruch gem\u00e4\u00df Art. 21(1) DSGVO eingelegt haben, m\u00fcssen Ihre Rechte und unsere Rechte gegeneinander abgewogen werden. Solange noch nicht feststeht, wessen Interessen \u00fcberwiegen, haben Sie das Recht, eine Einschr\u00e4nkung der Verarbeitung Ihrer personenbezogenen Daten zu verlangen. <\/li>\n<\/ul>\n\n\n\n<p>Wenn Sie die Verarbeitung Ihrer personenbezogenen Daten eingeschr\u00e4nkt haben, d\u00fcrfen diese Daten &#8211; mit Ausnahme ihrer Archivierung &#8211; nur mit Ihrer Einwilligung oder zur Geltendmachung, Aus\u00fcbung oder Verteidigung von Rechtsanspr\u00fcchen oder zum Schutz der Rechte anderer nat\u00fcrlicher oder juristischer Personen oder aus wichtigen Gr\u00fcnden des \u00f6ffentlichen Interesses, die von der Europ\u00e4ischen Union oder einem Mitgliedstaat der EU angef\u00fchrt werden, verarbeitet werden.<\/p>\n\n\n\n<h3 class=\"wp-block-heading\" id=\"rejection-of-unsolicited-e-mails\">Ablehnung unerbetener E-Mails<\/h3>\n\n\n\n<p>Der Nutzung von im Rahmen der Impressumspflicht ver\u00f6ffentlichten Kontaktdaten zur \u00dcbersendung von nicht ausdr\u00fccklich angeforderter Werbung und Informationsmaterialien wird hiermit widersprochen. Die Betreiber dieser Website und ihrer Seiten behalten sich ausdr\u00fccklich rechtliche Schritte im Falle der unverlangten Zusendung von Werbeinformationen, etwa durch SPAM-Nachrichten, vor. <\/p>\n\n\n\n<h2 class=\"wp-block-heading\" id=\"3-recording-of-data-on-this-website\">3. Aufzeichnung von Daten auf dieser Website<\/h2>\n\n\n\n<h3 class=\"wp-block-heading\" id=\"server-log-files\">Server-Protokolldateien<\/h3>\n\n\n\n<p>Der Provider dieser Website und ihrer Seiten erhebt und speichert automatisch Informationen in so genannten Server Log Files, die Ihr Browser automatisch an uns \u00fcbermittelt. Die Informationen umfassen: <\/p>\n\n\n\n<ul class=\"wp-block-list\">\n<li>Typ und Version des verwendeten Browsers<\/li>\n\n\n\n<li>Das verwendete Betriebssystem<\/li>\n\n\n\n<li>Verweiser-URL<\/li>\n\n\n\n<li>Der Hostname des zugreifenden Computers<\/li>\n\n\n\n<li>Die Uhrzeit der Serveranfrage<\/li>\n\n\n\n<li>Die IP-Adresse<\/li>\n<\/ul>\n\n\n\n<p>Eine Zusammenf\u00fchrung dieser Daten mit anderen Datenquellen wird nicht vorgenommen.<\/p>\n\n\n\n<p>Diese Daten werden auf der Grundlage von Art. 6(1)(f) GDPR. Der Betreiber der Website hat ein berechtigtes Interesse an der technisch fehlerfreien Darstellung und an der Optimierung der Website des Betreibers. Um dies zu erreichen, m\u00fcssen Server-Logfiles aufgezeichnet werden.  <\/p>\n\n\n\n<h3 class=\"wp-block-heading\" id=\"contact-form\">Kontaktform<\/h3>\n\n\n\n<p>Wenn Sie uns per Kontaktformular Anfragen zukommen lassen, werden Ihre Angaben aus dem Anfrageformular inklusive der von Ihnen dort angegebenen Kontaktdaten zwecks Bearbeitung der Anfrage und f\u00fcr den Fall von Anschlussfragen bei uns gespeichert. Wir geben diese Daten nicht ohne Ihre Zustimmung weiter. <\/p>\n\n\n\n<p>Die Verarbeitung dieser Daten erfolgt auf der Grundlage von Art. 6(1)(b) DSGVO, wenn Ihre Anfrage im Zusammenhang mit der Erf\u00fcllung eines Vertrages steht oder wenn sie zur Durchf\u00fchrung vorvertraglicher Ma\u00dfnahmen erforderlich ist. In allen anderen F\u00e4llen beruht die Verarbeitung auf unserem berechtigten Interesse an der effektiven Bearbeitung der an uns gerichteten Anfragen (Art. 6(1)(f) GDPR) oder auf Ihrer Einwilligung (Art. 6(1)(a) GDPR), wenn dies verlangt wurde.<\/p>\n\n\n\n<p>Die von Ihnen in das Kontaktformular eingegebenen Daten verbleiben bei uns, bis Sie uns auffordern, die Daten zu l\u00f6schen, Ihre Einwilligung zur Datenspeicherung zu widerrufen oder wenn der Zweck f\u00fcr die Datenspeicherung entf\u00e4llt (z.B. nach Abschluss der Beantwortung Ihrer Anfrage). Zwingende gesetzliche Bestimmungen, insbesondere Aufbewahrungsfristen, bleiben hiervon unber\u00fchrt. <\/p>\n\n\n\n<h3 class=\"wp-block-heading\" id=\"request-by-e-mail-telephone-or-fax\">Anfrage per E-Mail, Telefon oder Fax<\/h3>\n\n\n\n<p>Wenn Sie sich per E-Mail, Telefon oder Fax an uns wenden, wird Ihr Anliegen einschlie\u00dflich aller sich daraus ergebenden personenbezogenen Daten (Name, Anliegen) von uns zum Zwecke der Bearbeitung Ihres Anliegens gespeichert und verarbeitet. Wir geben diese Daten nicht ohne Ihre Zustimmung weiter. <\/p>\n\n\n\n<p>Die Verarbeitung dieser Daten erfolgt auf Grundlage von Art. 6(1)(b) GDPR, wenn Ihre Anfrage im Zusammenhang mit der Erf\u00fcllung eines Vertrages steht oder f\u00fcr die Durchf\u00fchrung vorvertraglicher Ma\u00dfnahmen erforderlich ist. In allen anderen F\u00e4llen erfolgt die Verarbeitung der Daten auf der Grundlage unseres berechtigten Interesses an der effektiven Bearbeitung der an uns gerichteten Anfragen (Art. 6(1)(f) DSGVO) oder auf der Grundlage Ihrer Einwilligung (Art. 6(1)(a) DSGVO), sofern diese eingeholt wurde.<\/p>\n\n\n\n<p>Die von Ihnen per Kontaktanfrage an uns \u00fcbermittelten Daten verbleiben bei uns, bis Sie uns zur L\u00f6schung auffordern, Ihre Einwilligung zur Speicherung widerrufen oder der Zweck f\u00fcr die Datenspeicherung entf\u00e4llt (z.B. nach Erledigung Ihrer Anfrage). Zwingende gesetzliche Bestimmungen &#8211; insbesondere gesetzliche Aufbewahrungsfristen &#8211; bleiben hiervon unber\u00fchrt. <\/p>\n\n\n\n<h3 class=\"wp-block-heading\" id=\"use-of-salesviewer-technology\"><em>Einsatz der SalesViewer\u00ae-Technologie<\/em><\/h3>\n\n\n\n<p><em>Auf dieser Website werden mit Hilfe der SalesViewer\u00ae-Technologie der SalesViewer\u00ae GmbH auf Grundlage der berechtigten Interessen des Websitebetreibers (Art. 6 Abs. 1 lit.f DSGVO) Daten zu Marketing-, Marktforschungs- und Optimierungszwecken erhoben und gespeichert.<br\/><br\/>Dazu wird ein javascriptbasierter Code verwendet, der dazu dient, unternehmensbezogene Daten und die Nutzung der Website zu erfassen. Die mit dieser Technologie erfassten Daten werden in einer nicht wiederherstellbaren Einwegfunktion (sog. Hashing) verschl\u00fcsselt. Die Daten sind sofort pseudonymisiert und werden nicht dazu benutzt, den Besucher der Website pers\u00f6nlich zu identifizieren.  <br\/><br\/>Die von SalesViewer\u00ae gespeicherten Daten werden gel\u00f6scht, sobald sie f\u00fcr den vorgesehenen Zweck nicht mehr ben\u00f6tigt werden und keine gesetzlichen Aufbewahrungspflichten bestehen.<br\/><br\/>Der Datenerfassung und -speicherung kann jederzeit mit Wirkung f\u00fcr die Zukunft widersprochen werden, indem Sie auf <a href=\"https:\/\/www.salesviewer.com\/opt-out\">https:\/\/www.salesviewer.com\/opt-out<\/a> klicken, um die Erfassung Ihrer Daten durch SalesViewer\u00ae zu verhindern. In diesem Fall wird ein Opt-Out-Cookie f\u00fcr diese Website auf Ihrem Ger\u00e4t gespeichert. L\u00f6schen Sie die Cookies im Browser, m\u00fcssen Sie diesen Link erneut anklicken.  <\/em><\/p>\n<\/div>\n <\/div><\/div>\n","protected":false},"excerpt":{"rendered":"","protected":false},"author":6,"featured_media":0,"parent":0,"menu_order":90,"comment_status":"closed","ping_status":"closed","template":"no-title","meta":{"_acf_changed":false,"_gspb_post_css":"#gspb_row-id-gsbp-643c1f6,#gspb_row-id-gsbp-7ca0da9{justify-content:space-between;margin-top:0;display:flex;flex-wrap:wrap;margin-bottom:0}#gspb_row-id-gsbp-643c1f6>.gspb_row__content{display:flex;justify-content:space-between;margin:0 auto;width:100%;flex-wrap:wrap}.gspb_row{position:relative}div[id^=gspb_col-id]{box-sizing:border-box;position:relative;padding:var(--gs-row-column-padding, 15px min(3vw, 20px))}#gspb_col-id-gsbp-0e43e4c.gspb_row__col--12{width:100%}@media (max-width:575.98px){#gspb_col-id-gsbp-0e43e4c.gspb_row__col--12{width:100%}}.gspb_row #gspb_col-id-gsbp-0e43e4c.gspb_row__col--12{padding-top:0;padding-right:0;padding-left:0}#gspb_row-id-gsbp-7ca0da9>.gspb_row__content{display:flex;justify-content:space-between;margin:0 auto;width:100%;flex-wrap:wrap}body.gspb-bodyfront #gspb_row-id-gsbp-7ca0da9>.gspb_row__content{max-width:var(--wp--style--global--wide-size, 1340px)}#gspb_col-id-gsbp-59f7d96.gspb_row__col--12{width:100%}@media (max-width:575.98px){#gspb_col-id-gsbp-59f7d96.gspb_row__col--12{width:100%}}","content-type":"","footnotes":""},"class_list":["post-2937","page","type-page","status-publish","hentry"],"acf":[],"_links":{"self":[{"href":"https:\/\/osphim.com\/de\/wp-json\/wp\/v2\/pages\/2937","targetHints":{"allow":["GET"]}}],"collection":[{"href":"https:\/\/osphim.com\/de\/wp-json\/wp\/v2\/pages"}],"about":[{"href":"https:\/\/osphim.com\/de\/wp-json\/wp\/v2\/types\/page"}],"author":[{"embeddable":true,"href":"https:\/\/osphim.com\/de\/wp-json\/wp\/v2\/users\/6"}],"replies":[{"embeddable":true,"href":"https:\/\/osphim.com\/de\/wp-json\/wp\/v2\/comments?post=2937"}],"version-history":[{"count":1,"href":"https:\/\/osphim.com\/de\/wp-json\/wp\/v2\/pages\/2937\/revisions"}],"predecessor-version":[{"id":2938,"href":"https:\/\/osphim.com\/de\/wp-json\/wp\/v2\/pages\/2937\/revisions\/2938"}],"wp:attachment":[{"href":"https:\/\/osphim.com\/de\/wp-json\/wp\/v2\/media?parent=2937"}],"curies":[{"name":"wp","href":"https:\/\/api.w.org\/{rel}","templated":true}]}}