{"id":2917,"date":"2024-10-09T14:32:06","date_gmt":"2024-10-09T12:32:06","guid":{"rendered":"https:\/\/osphim.com\/about\/"},"modified":"2025-03-30T16:59:05","modified_gmt":"2025-03-30T16:59:05","slug":"about","status":"publish","type":"page","link":"https:\/\/osphim.com\/de\/about\/","title":{"rendered":"About"},"content":{"rendered":"\n<div class=\"wp-block-greenshift-blocks-row alignfull gspb_row gspb_row-id-gsbp-5faff71\" id=\"gspb_row-id-gsbp-5faff71\"><div class=\"gspb_row__content\"> \n<div class=\"wp-block-greenshift-blocks-row-column gspb_row__col--12 gspb_col-id-gsbp-1d6329a\" id=\"gspb_col-id-gsbp-1d6329a\">\n<p id=\"gspb_text-id-gsbp-0d09118\" class=\"gspb_text gspb_text-id-gsbp-0d09118 \">\u00dcber OSPHIM<\/p>\n\n\n\n<div id=\"gspb_text-id-gsbp-1a8c69a\" class=\"gspb_text gspb_text-id-gsbp-1a8c69a \"><strong>Die Mission von OSPHIM besteht darin, die Kunststoffverarbeitungstechnologien durch datengest\u00fctzte Methoden und Expertenwissen voranzubringen.<\/strong><\/div>\n<\/div>\n <\/div><\/div>\n\n<div class=\"wp-block-greenshift-blocks-row alignwide gspb_row gspb_row-id-gsbp-9d7a968 textAndImageBlock\" id=\"gspb_row-id-gsbp-9d7a968\">\n<div class=\"wp-block-greenshift-blocks-row-column gspb_row__col--12 gspb_col-id-gsbp-448c3c0\" id=\"gspb_col-id-gsbp-448c3c0\"><section id=\"blocktextandimage-block_2501b2a05741aa5d5d2dbc2ba31a1e25\" class=\"block-blocktextandimage\">\n\t<div class=\"grid md:grid-cols-2 gap-space-xl  \">\n\t\t<div class=\"  \">\n\t\t\t\t\t\t\t\t\t\t<figure class=\" leading-none mb-0 w-full  h-auto object-cover \"><img decoding=\"async\"  class=\"dn-no-drag w-full h-auto object-cover\"  src=\"https:\/\/osphim.com\/wp-content\/uploads\/2024\/10\/About-Image-e1730209075809.png\" srcset=\"\" sizes=\"auto, (max-width: 2560px) 100vw, 2560px\" width=\"1000\" height=\"932\" alt=\"About-Image\" loading=\"lazy\" \/><\/figure>\t\t\t\t\t<\/div>\n\t\t<div class=\"wysiwyg\">\n\t\t\t<p>Wir bei OSPHIM haben uns dem Ziel verschrieben, die Kunststoffherstellung durch innovative, datengesteuerte Technologien voranzubringen. Wir machen validierte Methoden der k\u00fcnstlichen Intelligenz f\u00fcr Unternehmen leicht zug\u00e4nglich und identifizieren Bereiche innerhalb ihrer Prozesse, in denen ein echter Mehrwert generiert werden kann. Durch die Kombination modernster L\u00f6sungen mit praktischem Fachwissen stellen wir sicher, dass unsere Kunden Effizienz und Pr\u00e4zision erreichen.  <\/p>\n<p>OSPHIM wurde von Louisa, Yannik, Jakob und Mauritius gegr\u00fcndet und basiert auf mehr als 30 Jahren gemeinsamer Erfahrung in der Kunststoffverarbeitung, Softwareentwicklung und Gesch\u00e4ftsstrategie. Die tiefgreifenden Branchenkenntnisse unseres Teams treiben uns an, die Grenzen immer weiter zu verschieben und die F\u00e4higkeiten unserer Kunden zu verbessern. <\/p>\n<p>Unsere Grundwerte &#8211; #Humanity, #Innovation und #Impact- sind tief in alles, was wir tun, eingewoben. Wir glauben daran, unsere Kunden zu st\u00e4rken, Vertrauen aufzubauen und einen sp\u00fcrbaren Unterschied in der Branche zu machen. Diese Werte spiegeln sich nicht nur in unseren Produkten wider, sondern auch im Geist unseres Teams und in unseren Beziehungen zu unseren Partnern. Wir f\u00f6rdern die Neugier und Innovationskraft unserer Mitarbeiter, indem wir ein Umfeld schaffen, in dem Lernen, Experimentieren und kreative Probleml\u00f6sungen jeden Tag gef\u00f6rdert werden.   <\/p>\n<p>Wir bei OSPHIM sind mehr als nur ein Technologieanbieter; wir sind Ihr Partner auf dem Weg zu einer nachhaltigen und intelligenten Fertigung.<\/p>\n\t\t<\/div>\n\t<\/div>\n<\/section><\/div>\n<\/div>\n\n<div class=\"wp-block-greenshift-blocks-row alignwide gspb_row gspb_row-id-gsbp-64517d8 ctaBlock\" id=\"gspb_row-id-gsbp-64517d8\"><div class=\"gspb_row__content\"> \n<div class=\"wp-block-greenshift-blocks-row-column gspb_row__col--12 gspb_col-id-gsbp-7072cc3\" id=\"gspb_col-id-gsbp-7072cc3\"><style type=\"text\/css\">\n\t#cta2-block_22a09bbabbf9dc64e5f01ba3c44fc644h2 {\n\t\tmargin-top: 0;\n\t\tfont-weight: bold;\n\t}\n<\/style>\n<section id=\"cta2-block_22a09bbabbf9dc64e5f01ba3c44fc644\" class=\"block-cta2 border-gradient\">\n\t<div class=\"flex flex-col items-center bg-primaryhex22  p-space-xl \">\n\t\t<div class=\"wysiwyg text-center\">\n\t\t\t<h2>Karriere bei OSPHIM: Sind Sie an einer Mitarbeit im Team interessiert?<\/h2>\n<p>Kontaktieren Sie uns, um offene Stellen zu erkunden<\/p>\n\t\t<\/div>\n\t\t\t\t\t\t\t<a class=\"btn-border-gradient mt-space-m !no-underline\" href=\"https:\/\/osphim.notion.site\/OSPHIM-s-JOB-PORTAL-114da73648448069854ac85342cd6b73?pvs=4\" target=\"\">\n\t\t\t\t<span class=\"text-white text-lg font-bold no-underline\">\n\t\t\t\t\tKarriere bei OSPHIM\t\t\t\t<\/span>\n\t\t\t<\/a>\n\t\t\t<\/div>\n<\/section><\/div>\n <\/div><\/div>\n\n<div class=\"wp-block-greenshift-blocks-row alignwide gspb_row gspb_row-id-gsbp-7611613 personsBlock\" id=\"gspb_row-id-gsbp-7611613\"><div class=\"gspb_row__content\"> \n<div class=\"wp-block-greenshift-blocks-row-column gspb_row__col--12 gspb_col-id-gsbp-118e6e1\" id=\"gspb_col-id-gsbp-118e6e1\"><style type=\"text\/css\">\n\t#personcards-block_e37f9848216578c751e815fafdb41cca {\n\t\t\/* Add styles that use ACF values here *\/\n\t}\n<\/style>\n<section id=\"personcards-block_e37f9848216578c751e815fafdb41cca\" class=\"block-personcards\">\n\t\t\t\t<div class=\"dngrid-4\">\n\t\t\t\t\t\t\t<article class=\"flex flex-col\">\n\t\t\t\t\t\t\t\t\t\t<figure class=\"rounded-full w-2\/3   h-auto object-cov overflow-hidden mb-base mx-auto border-black border-8 border-solid shadow-offset-border \"><img decoding=\"async\"  class=\"dn-no-drag w-full h-auto object-cover\"  src=\"https:\/\/osphim.com\/wp-content\/uploads\/2024\/10\/LD_kontakt.png\" srcset=\"https:\/\/osphim.com\/wp-content\/uploads\/2024\/10\/LD_kontakt.png 348w, https:\/\/osphim.com\/wp-content\/uploads\/2024\/10\/LD_kontakt-300x300.png 300w, https:\/\/osphim.com\/wp-content\/uploads\/2024\/10\/LD_kontakt-150x150.png 150w\" sizes=\"auto, (max-width: 2560px) 100vw, 2560px\" width=\"348\" height=\"349\" alt=\"LD_kontakt\" loading=\"lazy\" \/><\/figure>\t\t\t\t\t<div class=\"text-xl mt-space-xs mb-0 font-bold\">\n\t\t\t\t\t\tDr. Louisa Desel\t\t\t\t\t<\/div>\n\t\t\t\t\t<div class=\"text-xl mt-0 font-thin mb-space-xs\">\n\t\t\t\t\t\tCo-Founder &amp; CEO\/CFO\t\t\t\t\t<\/div>\n\t\t\t\t\t\t\t\t\t\t\t\t\t\t\t<!-- <a href=\"mailto:?subject=Osphim.com\"><\/a>-->\n\t\t\t\t\t\t\t\t\t\t\t\t\t\t\t\t<a class=\"mt-auto\" href=\"https:\/\/www.linkedin.com\/in\/louisa-desel-a5191456\/\">\n\t\t\t\t\t\t\t<span class=\"block w-[2em] h-[2em]\">\n\t\t\t\t\t\t\t\t<svg xmlns=\"http:\/\/www.w3.org\/2000\/svg\" class=\"ionicon\" viewBox=\"0 0 512 512\">\n\t\t\t\t\t\t\t\t\t<path d=\"M444.17 32H70.28C49.85 32 32 46.7 32 66.89v374.72C32 461.91 49.85 480 70.28 480h373.78c20.54 0 35.94-18.21 35.94-38.39V66.89C480.12 46.7 464.6 32 444.17 32zm-273.3 373.43h-64.18V205.88h64.18zM141 175.54h-.46c-20.54 0-33.84-15.29-33.84-34.43 0-19.49 13.65-34.42 34.65-34.42s33.85 14.82 34.31 34.42c-.01 19.14-13.31 34.43-34.66 34.43zm264.43 229.89h-64.18V296.32c0-26.14-9.34-44-32.56-44-17.74 0-28.24 12-32.91 23.69-1.75 4.2-2.22 9.92-2.22 15.76v113.66h-64.18V205.88h64.18v27.77c9.34-13.3 23.93-32.44 57.88-32.44 42.13 0 74 27.77 74 87.64z\" \/ fill=\"#fff\">\n\t\t\t\t\t\t\t\t<\/svg>\n\t\t\t\t\t\t\t<\/span>\n\t\t\t\t\t\t<\/a>\n\t\t\t\t\t\t\t\t\t\t\t\t\t\t<\/article>\n\t\t\t\t\t\t\t<article class=\"flex flex-col\">\n\t\t\t\t\t\t\t\t\t\t<figure class=\"rounded-full w-2\/3   h-auto object-cov overflow-hidden mb-base mx-auto border-black border-8 border-solid shadow-offset-border \"><img decoding=\"async\"  class=\"dn-no-drag w-full h-auto object-cover\"  src=\"https:\/\/osphim.com\/wp-content\/uploads\/2024\/10\/YL_kontakt.png\" srcset=\"https:\/\/osphim.com\/wp-content\/uploads\/2024\/10\/YL_kontakt.png 349w, https:\/\/osphim.com\/wp-content\/uploads\/2024\/10\/YL_kontakt-300x300.png 300w, https:\/\/osphim.com\/wp-content\/uploads\/2024\/10\/YL_kontakt-150x150.png 150w\" sizes=\"auto, (max-width: 2560px) 100vw, 2560px\" width=\"349\" height=\"349\" alt=\"YL_kontakt\" loading=\"lazy\" \/><\/figure>\t\t\t\t\t<div class=\"text-xl mt-space-xs mb-0 font-bold\">\n\t\t\t\t\t\tYannik Lockner\t\t\t\t\t<\/div>\n\t\t\t\t\t<div class=\"text-xl mt-0 font-thin mb-space-xs\">\n\t\t\t\t\t\tCo-Founder &amp; CTO\t\t\t\t\t<\/div>\n\t\t\t\t\t\t\t\t\t\t\t\t\t\t\t<!-- <a href=\"mailto:?subject=Osphim.com\"><\/a>-->\n\t\t\t\t\t\t\t\t\t\t\t\t\t\t\t\t<a class=\"mt-auto\" href=\"https:\/\/www.linkedin.com\/in\/yannik-lockner-757957152\/\">\n\t\t\t\t\t\t\t<span class=\"block w-[2em] h-[2em]\">\n\t\t\t\t\t\t\t\t<svg xmlns=\"http:\/\/www.w3.org\/2000\/svg\" class=\"ionicon\" viewBox=\"0 0 512 512\">\n\t\t\t\t\t\t\t\t\t<path d=\"M444.17 32H70.28C49.85 32 32 46.7 32 66.89v374.72C32 461.91 49.85 480 70.28 480h373.78c20.54 0 35.94-18.21 35.94-38.39V66.89C480.12 46.7 464.6 32 444.17 32zm-273.3 373.43h-64.18V205.88h64.18zM141 175.54h-.46c-20.54 0-33.84-15.29-33.84-34.43 0-19.49 13.65-34.42 34.65-34.42s33.85 14.82 34.31 34.42c-.01 19.14-13.31 34.43-34.66 34.43zm264.43 229.89h-64.18V296.32c0-26.14-9.34-44-32.56-44-17.74 0-28.24 12-32.91 23.69-1.75 4.2-2.22 9.92-2.22 15.76v113.66h-64.18V205.88h64.18v27.77c9.34-13.3 23.93-32.44 57.88-32.44 42.13 0 74 27.77 74 87.64z\" \/ fill=\"#fff\">\n\t\t\t\t\t\t\t\t<\/svg>\n\t\t\t\t\t\t\t<\/span>\n\t\t\t\t\t\t<\/a>\n\t\t\t\t\t\t\t\t\t\t\t\t\t\t<\/article>\n\t\t\t\t\t\t\t<article class=\"flex flex-col\">\n\t\t\t\t\t\t\t\t\t\t<figure class=\"rounded-full w-2\/3   h-auto object-cov overflow-hidden mb-base mx-auto border-black border-8 border-solid shadow-offset-border \"><img decoding=\"async\"  class=\"dn-no-drag w-full h-auto object-cover\"  src=\"https:\/\/osphim.com\/wp-content\/uploads\/2024\/10\/JP_kontakt.png\" srcset=\"https:\/\/osphim.com\/wp-content\/uploads\/2024\/10\/JP_kontakt.png 349w, https:\/\/osphim.com\/wp-content\/uploads\/2024\/10\/JP_kontakt-300x300.png 300w, https:\/\/osphim.com\/wp-content\/uploads\/2024\/10\/JP_kontakt-150x150.png 150w\" sizes=\"auto, (max-width: 2560px) 100vw, 2560px\" width=\"349\" height=\"348\" alt=\"JP_kontakt\" loading=\"lazy\" \/><\/figure>\t\t\t\t\t<div class=\"text-xl mt-space-xs mb-0 font-bold\">\n\t\t\t\t\t\tJakob Pesch\t\t\t\t\t<\/div>\n\t\t\t\t\t<div class=\"text-xl mt-0 font-thin mb-space-xs\">\n\t\t\t\t\t\tCo-Founder &amp; CPO\t\t\t\t\t<\/div>\n\t\t\t\t\t\t\t\t\t\t\t\t\t\t\t<!-- <a href=\"mailto:?subject=Osphim.com\"><\/a>-->\n\t\t\t\t\t\t\t\t\t\t\t\t\t\t\t\t<a class=\"mt-auto\" href=\"https:\/\/www.linkedin.com\/in\/jakob-pesch-2a125b160\/\">\n\t\t\t\t\t\t\t<span class=\"block w-[2em] h-[2em]\">\n\t\t\t\t\t\t\t\t<svg xmlns=\"http:\/\/www.w3.org\/2000\/svg\" class=\"ionicon\" viewBox=\"0 0 512 512\">\n\t\t\t\t\t\t\t\t\t<path d=\"M444.17 32H70.28C49.85 32 32 46.7 32 66.89v374.72C32 461.91 49.85 480 70.28 480h373.78c20.54 0 35.94-18.21 35.94-38.39V66.89C480.12 46.7 464.6 32 444.17 32zm-273.3 373.43h-64.18V205.88h64.18zM141 175.54h-.46c-20.54 0-33.84-15.29-33.84-34.43 0-19.49 13.65-34.42 34.65-34.42s33.85 14.82 34.31 34.42c-.01 19.14-13.31 34.43-34.66 34.43zm264.43 229.89h-64.18V296.32c0-26.14-9.34-44-32.56-44-17.74 0-28.24 12-32.91 23.69-1.75 4.2-2.22 9.92-2.22 15.76v113.66h-64.18V205.88h64.18v27.77c9.34-13.3 23.93-32.44 57.88-32.44 42.13 0 74 27.77 74 87.64z\" \/ fill=\"#fff\">\n\t\t\t\t\t\t\t\t<\/svg>\n\t\t\t\t\t\t\t<\/span>\n\t\t\t\t\t\t<\/a>\n\t\t\t\t\t\t\t\t\t\t\t\t\t\t<\/article>\n\t\t\t\t\t\t\t<article class=\"flex flex-col\">\n\t\t\t\t\t\t\t\t\t\t<figure class=\"rounded-full w-2\/3   h-auto object-cov overflow-hidden mb-base mx-auto border-black border-8 border-solid shadow-offset-border \"><img decoding=\"async\"  class=\"dn-no-drag w-full h-auto object-cover\"  src=\"https:\/\/osphim.com\/wp-content\/uploads\/2024\/10\/MS_kontakt.png\" srcset=\"https:\/\/osphim.com\/wp-content\/uploads\/2024\/10\/MS_kontakt.png 349w, https:\/\/osphim.com\/wp-content\/uploads\/2024\/10\/MS_kontakt-300x300.png 300w, https:\/\/osphim.com\/wp-content\/uploads\/2024\/10\/MS_kontakt-150x150.png 150w\" sizes=\"auto, (max-width: 2560px) 100vw, 2560px\" width=\"349\" height=\"348\" alt=\"MS_kontakt\" loading=\"lazy\" \/><\/figure>\t\t\t\t\t<div class=\"text-xl mt-space-xs mb-0 font-bold\">\n\t\t\t\t\t\tMauritius Schmitz\t\t\t\t\t<\/div>\n\t\t\t\t\t<div class=\"text-xl mt-0 font-thin mb-space-xs\">\n\t\t\t\t\t\tCo-Founder &amp; CIO\t\t\t\t\t<\/div>\n\t\t\t\t\t\t\t\t\t\t\t\t\t\t\t<!-- <a href=\"mailto:?subject=Osphim.com\"><\/a>-->\n\t\t\t\t\t\t\t\t\t\t\t\t\t\t\t\t<a class=\"mt-auto\" href=\"https:\/\/www.linkedin.com\/in\/mauritius-schmitz-963a0578\">\n\t\t\t\t\t\t\t<span class=\"block w-[2em] h-[2em]\">\n\t\t\t\t\t\t\t\t<svg xmlns=\"http:\/\/www.w3.org\/2000\/svg\" class=\"ionicon\" viewBox=\"0 0 512 512\">\n\t\t\t\t\t\t\t\t\t<path d=\"M444.17 32H70.28C49.85 32 32 46.7 32 66.89v374.72C32 461.91 49.85 480 70.28 480h373.78c20.54 0 35.94-18.21 35.94-38.39V66.89C480.12 46.7 464.6 32 444.17 32zm-273.3 373.43h-64.18V205.88h64.18zM141 175.54h-.46c-20.54 0-33.84-15.29-33.84-34.43 0-19.49 13.65-34.42 34.65-34.42s33.85 14.82 34.31 34.42c-.01 19.14-13.31 34.43-34.66 34.43zm264.43 229.89h-64.18V296.32c0-26.14-9.34-44-32.56-44-17.74 0-28.24 12-32.91 23.69-1.75 4.2-2.22 9.92-2.22 15.76v113.66h-64.18V205.88h64.18v27.77c9.34-13.3 23.93-32.44 57.88-32.44 42.13 0 74 27.77 74 87.64z\" \/ fill=\"#fff\">\n\t\t\t\t\t\t\t\t<\/svg>\n\t\t\t\t\t\t\t<\/span>\n\t\t\t\t\t\t<\/a>\n\t\t\t\t\t\t\t\t\t\t\t\t\t\t<\/article>\n\t\t\t\t\t<\/div>\n\t<\/section><\/div>\n <\/div><\/div>\n\n<div class=\"wp-block-greenshift-blocks-row gspb_row gspb_row-id-gsbp-e094e4a textCenteredHeadline\" id=\"gspb_row-id-gsbp-e094e4a\"><div class=\"gspb_row__content\"> \n<div class=\"wp-block-greenshift-blocks-row-column gspb_row__col--12 gspb_col-id-gsbp-4938343\" id=\"gspb_col-id-gsbp-4938343\">\n<h3 class=\"wp-block-heading has-text-align-center font-bold\" id=\"trusted-partners\">Vertraute Partner<\/h3>\n<\/div>\n <\/div><\/div>\n<style>#gspb_row-id-gsbp-dc08e6b{justify-content:space-between;margin-top:0;margin-bottom:0;display:flex;flex-wrap:wrap}#gspb_row-id-gsbp-dc08e6b>.gspb_row__content{display:flex;justify-content:space-between;margin:0 auto;width:100%;flex-wrap:wrap}.gspb_row{position:relative}div[id^=gspb_col-id]{box-sizing:border-box;position:relative;padding:var(--gs-row-column-padding,15px min(3vw,20px))}body.gspb-bodyfront #gspb_row-id-gsbp-dc08e6b>.gspb_row__content{max-width:var(--wp--style--global--wide-size,1340px)}#gspb_col-id-gsbp-e588176.gspb_row__col--12{width:100%}@media (max-width:575.98px){#gspb_col-id-gsbp-e588176.gspb_row__col--12{width:100%}}<\/style><style>#gspb_row-id-gsbp-dc08e6b{justify-content:space-between;margin-top:0;margin-bottom:0;display:flex;flex-wrap:wrap}#gspb_row-id-gsbp-dc08e6b>.gspb_row__content{display:flex;justify-content:space-between;margin:0 auto;width:100%;flex-wrap:wrap}.gspb_row{position:relative}div[id^=gspb_col-id]{box-sizing:border-box;position:relative;padding:var(--gs-row-column-padding,15px min(3vw,20px))}body.gspb-bodyfront #gspb_row-id-gsbp-dc08e6b>.gspb_row__content{max-width:var(--wp--style--global--wide-size,1340px)}#gspb_col-id-gsbp-e588176.gspb_row__col--12{width:100%}@media (max-width:575.98px){#gspb_col-id-gsbp-e588176.gspb_row__col--12{width:100%}}<\/style>\n<div class=\"wp-block-greenshift-blocks-row alignwide gspb_row gspb_row-id-gsbp-dc08e6b logoCarouselBlock\" id=\"gspb_row-id-gsbp-dc08e6b\"><div class=\"gspb_row__content\"> \n<div class=\"wp-block-greenshift-blocks-row-column gspb_row__col--12 gspb_col-id-gsbp-e588176\" id=\"gspb_col-id-gsbp-e588176\">\n<section id=\"logocarousel-block_0563acdb58409b0dd9ddeb1166b407b8\" class=\"block-logocarousel\">\n\t<div class=\"px-space-s md:px-0\">\n\t\t<h2 class=\"dn-innerwidth \">\n\t\t\t\t\t<\/h2>\n\t<\/div>\n\t\t\t\t<div class=\"grid grid-cols-[repeat(auto-fit,minmax(140px,1fr))] gap-space-2xl place-items-center  \">\n\t\t\t\t\t\t\t<!-- <a href=\"https:\/\/osphim.com\/wp-content\/uploads\/2024\/10\/download.png\">-->\n\t\t\t\t<div class=\"flex items-center p-space-s aspect-video w-full h-full filter grayscale invert hover:filter-none hover:bg-white\">\n\t\t\t\t\t<img decoding=\"async\" class=\"\" src=\"https:\/\/osphim.com\/wp-content\/uploads\/2024\/10\/download-300x80.png\" alt=\"\" \/>\n\t\t\t\t<\/div>\n\t\t\t\t<!-- <\/a> -->\n\t\t\t\t<!-- <p><\/p> -->\n\t\t\t\t\t\t\t<!-- <a href=\"https:\/\/osphim.com\/wp-content\/uploads\/2024\/10\/download-1.png\">-->\n\t\t\t\t<div class=\"flex items-center p-space-s aspect-video w-full h-full filter grayscale invert hover:filter-none hover:bg-white\">\n\t\t\t\t\t<img decoding=\"async\" class=\"\" src=\"https:\/\/osphim.com\/wp-content\/uploads\/2024\/10\/download-1-300x156.png\" alt=\"\" \/>\n\t\t\t\t<\/div>\n\t\t\t\t<!-- <\/a> -->\n\t\t\t\t<!-- <p><\/p> -->\n\t\t\t\t\t\t\t<!-- <a href=\"https:\/\/osphim.com\/wp-content\/uploads\/2024\/10\/download.jpeg\">-->\n\t\t\t\t<div class=\"flex items-center p-space-s aspect-video w-full h-full filter grayscale invert hover:filter-none hover:bg-white\">\n\t\t\t\t\t<img decoding=\"async\" class=\"\" src=\"https:\/\/osphim.com\/wp-content\/uploads\/2024\/10\/download.jpeg\" alt=\"\" \/>\n\t\t\t\t<\/div>\n\t\t\t\t<!-- <\/a> -->\n\t\t\t\t<!-- <p><\/p> -->\n\t\t\t\t\t\t\t<!-- <a href=\"https:\/\/osphim.com\/wp-content\/uploads\/2024\/10\/GA_Alumni_Badge_6_2024_Color.png\">-->\n\t\t\t\t<div class=\"flex items-center p-space-s aspect-video w-full h-full filter grayscale invert hover:filter-none hover:bg-white\">\n\t\t\t\t\t<img decoding=\"async\" class=\"\" src=\"https:\/\/osphim.com\/wp-content\/uploads\/2024\/10\/GA_Alumni_Badge_6_2024_Color-300x300.png\" alt=\"\" \/>\n\t\t\t\t<\/div>\n\t\t\t\t<!-- <\/a> -->\n\t\t\t\t<!-- <p><\/p> -->\n\t\t\t\t\t\t\t<!-- <a href=\"https:\/\/osphim.com\/wp-content\/uploads\/2024\/10\/digihub-official-Logo-Farbig.png\">-->\n\t\t\t\t<div class=\"flex items-center p-space-s aspect-video w-full h-full filter grayscale invert hover:filter-none hover:bg-white\">\n\t\t\t\t\t<img decoding=\"async\" class=\"\" src=\"https:\/\/osphim.com\/wp-content\/uploads\/2024\/10\/digihub-official-Logo-Farbig-300x62.png\" alt=\"\" \/>\n\t\t\t\t<\/div>\n\t\t\t\t<!-- <\/a> -->\n\t\t\t\t<!-- <p><\/p> -->\n\t\t\t\t\t\t\t<!-- <a href=\"https:\/\/osphim.com\/wp-content\/uploads\/2024\/10\/Ignition_Logo_CMYK_ohne-digihub.jpg\">-->\n\t\t\t\t<div class=\"flex items-center p-space-s aspect-video w-full h-full filter grayscale invert hover:filter-none hover:bg-white\">\n\t\t\t\t\t<img decoding=\"async\" class=\"\" src=\"https:\/\/osphim.com\/wp-content\/uploads\/2024\/10\/Ignition_Logo_CMYK_ohne-digihub-300x73.jpg\" alt=\"\" \/>\n\t\t\t\t<\/div>\n\t\t\t\t<!-- <\/a> -->\n\t\t\t\t<!-- <p><\/p> -->\n\t\t\t\t\t\t\t<!-- <a href=\"https:\/\/osphim.com\/wp-content\/uploads\/2024\/10\/rwth_spin_off_award_en_rgb.png\">-->\n\t\t\t\t<div class=\"flex items-center p-space-s aspect-video w-full h-full filter grayscale invert hover:filter-none hover:bg-white\">\n\t\t\t\t\t<img decoding=\"async\" class=\"\" src=\"https:\/\/osphim.com\/wp-content\/uploads\/2024\/10\/rwth_spin_off_award_en_rgb-300x300.png\" alt=\"\" \/>\n\t\t\t\t<\/div>\n\t\t\t\t<!-- <\/a> -->\n\t\t\t\t<!-- <p><\/p> -->\n\t\t\t\t\t\t\t<!-- <a href=\"https:\/\/osphim.com\/wp-content\/uploads\/2024\/10\/Institut_fur_Kunststoffverarbeitung_QF@3x.png\">-->\n\t\t\t\t<div class=\"flex items-center p-space-s aspect-video w-full h-full filter grayscale invert hover:filter-none hover:bg-white\">\n\t\t\t\t\t<img decoding=\"async\" class=\"\" src=\"https:\/\/osphim.com\/wp-content\/uploads\/2024\/10\/Institut_fur_Kunststoffverarbeitung_QF@3x-300x97.png\" alt=\"\" \/>\n\t\t\t\t<\/div>\n\t\t\t\t<!-- <\/a> -->\n\t\t\t\t<!-- <p><\/p> -->\n\t\t\t\t\t\t\t<!-- <a href=\"https:\/\/osphim.com\/wp-content\/uploads\/2024\/10\/Logo-HighTechNRW.png\">-->\n\t\t\t\t<div class=\"flex items-center p-space-s aspect-video w-full h-full filter grayscale invert hover:filter-none hover:bg-white\">\n\t\t\t\t\t<img decoding=\"async\" class=\"\" src=\"https:\/\/osphim.com\/wp-content\/uploads\/2024\/10\/Logo-HighTechNRW-300x300.png\" alt=\"\" \/>\n\t\t\t\t<\/div>\n\t\t\t\t<!-- <\/a> -->\n\t\t\t\t<!-- <p><\/p> -->\n\t\t\t\t\t\t\t<!-- <a href=\"https:\/\/osphim.com\/wp-content\/uploads\/2024\/10\/Logo-EXIST.png\">-->\n\t\t\t\t<div class=\"flex items-center p-space-s aspect-video w-full h-full filter grayscale invert hover:filter-none hover:bg-white\">\n\t\t\t\t\t<img decoding=\"async\" class=\"\" src=\"https:\/\/osphim.com\/wp-content\/uploads\/2024\/10\/Logo-EXIST-300x200.png\" alt=\"\" \/>\n\t\t\t\t<\/div>\n\t\t\t\t<!-- <\/a> -->\n\t\t\t\t<!-- <p><\/p> -->\n\t\t\t\t\t\t\t<!-- <a href=\"https:\/\/osphim.com\/wp-content\/uploads\/2024\/10\/Logo-EU.jpg\">-->\n\t\t\t\t<div class=\"flex items-center p-space-s aspect-video w-full h-full filter grayscale invert hover:filter-none hover:bg-white\">\n\t\t\t\t\t<img decoding=\"async\" class=\"\" src=\"https:\/\/osphim.com\/wp-content\/uploads\/2024\/10\/Logo-EU-300x260.jpg\" alt=\"\" \/>\n\t\t\t\t<\/div>\n\t\t\t\t<!-- <\/a> -->\n\t\t\t\t<!-- <p><\/p> -->\n\t\t\t\t\t\t\t<!-- <a href=\"https:\/\/osphim.com\/wp-content\/uploads\/2024\/10\/Logo-ESF.png\">-->\n\t\t\t\t<div class=\"flex items-center p-space-s aspect-video w-full h-full filter grayscale invert hover:filter-none hover:bg-white\">\n\t\t\t\t\t<img decoding=\"async\" class=\"\" src=\"https:\/\/osphim.com\/wp-content\/uploads\/2024\/10\/Logo-ESF-300x152.png\" alt=\"\" \/>\n\t\t\t\t<\/div>\n\t\t\t\t<!-- <\/a> -->\n\t\t\t\t<!-- <p><\/p> -->\n\t\t\t\t\t\t\t<!-- <a href=\"https:\/\/osphim.com\/wp-content\/uploads\/2024\/10\/Logo-BMWK.png\">-->\n\t\t\t\t<div class=\"flex items-center p-space-s aspect-video w-full h-full filter grayscale invert hover:filter-none hover:bg-white\">\n\t\t\t\t\t<img decoding=\"async\" class=\"\" src=\"https:\/\/osphim.com\/wp-content\/uploads\/2024\/10\/Logo-BMWK-292x300.png\" alt=\"\" \/>\n\t\t\t\t<\/div>\n\t\t\t\t<!-- <\/a> -->\n\t\t\t\t<!-- <p><\/p> -->\n\t\t\t\t\t\t\t<!-- <a href=\"https:\/\/osphim.com\/wp-content\/uploads\/2025\/07\/AC2_Badge_2.Platz_.png\">-->\n\t\t\t\t<div class=\"flex items-center p-space-s aspect-video w-full h-full filter grayscale invert hover:filter-none hover:bg-white\">\n\t\t\t\t\t<img decoding=\"async\" class=\"\" src=\"https:\/\/osphim.com\/wp-content\/uploads\/2025\/07\/AC2_Badge_2.Platz_-300x300.png\" alt=\"\" \/>\n\t\t\t\t<\/div>\n\t\t\t\t<!-- <\/a> -->\n\t\t\t\t<!-- <p><\/p> -->\n\t\t\t\t\t<\/div>\n\t<\/section><\/div>\n <\/div><\/div>\n\n<p><\/p>\n","protected":false},"excerpt":{"rendered":"","protected":false},"author":3,"featured_media":0,"parent":0,"menu_order":20,"comment_status":"closed","ping_status":"closed","template":"no-title","meta":{"_acf_changed":false,"_gspb_post_css":"#gspb_row-id-gsbp-5faff71{justify-content:space-between;margin-top:0;margin-bottom:0;display:flex;flex-wrap:wrap;min-height:30rem;align-content:center;background-size:cover;background-repeat:no-repeat;background-position:0 0;background-image:url(https:\/\/osphim.com\/wp-content\/uploads\/2024\/10\/Picture1.png)}#gspb_row-id-gsbp-5faff71>.gspb_row__content{display:flex;justify-content:space-between;margin:0 auto;width:100%;flex-wrap:wrap;align-items:center}div[id^=gspb_col-id]{box-sizing:border-box;position:relative;padding:var(--gs-row-column-padding, 15px min(3vw, 20px))}body.gspb-bodyfront #gspb_row-id-gsbp-5faff71>.gspb_row__content,body.gspb-bodyfront #gspb_row-id-gsbp-64517d8>.gspb_row__content,body.gspb-bodyfront #gspb_row-id-gsbp-7611613>.gspb_row__content,body.gspb-bodyfront #gspb_row-id-gsbp-e094e4a>.gspb_row__content{max-width:var(--wp--style--global--wide-size, 1340px)}#gspb_row-id-gsbp-5faff71:hover{background-size:cover}#gspb_col-id-gsbp-1d6329a.gspb_row__col--12{width:100%}@media (max-width:575.98px){#gspb_col-id-gsbp-1d6329a.gspb_row__col--12{width:100%}}.gspb_text-id-gsbp-0d09118{font-size:5rem;font-weight:700!important;margin-bottom:0!important;padding-bottom:0!important}.gspb_text-id-gsbp-0d09118,.gspb_text-id-gsbp-0d09118 .gsap-g-line,.gspb_text-id-gsbp-1a8c69a,.gspb_text-id-gsbp-1a8c69a .gsap-g-line{text-align:center!important}#gspb_row-id-gsbp-64517d8{margin-bottom:0}#gspb_row-id-gsbp-64517d8,#gspb_row-id-gsbp-7611613,#gspb_row-id-gsbp-9d7a968{justify-content:space-between;margin-top:0;display:flex;flex-wrap:wrap}#gspb_row-id-gsbp-9d7a968{margin-bottom:0}#gspb_row-id-gsbp-9d7a968>.gspb_row__content{display:flex;justify-content:space-between;margin:0 auto;width:100%;flex-wrap:wrap}.gspb_row{position:relative}#gspb_col-id-gsbp-448c3c0.gspb_row__col--12{width:100%}@media (max-width:575.98px){#gspb_col-id-gsbp-448c3c0.gspb_row__col--12{width:100%}}#gspb_row-id-gsbp-64517d8>.gspb_row__content{display:flex;justify-content:space-between;margin:0 auto;width:100%;flex-wrap:wrap}#gspb_col-id-gsbp-7072cc3.gspb_row__col--12{width:100%}@media (max-width:575.98px){#gspb_col-id-gsbp-7072cc3.gspb_row__col--12{width:100%}}#gspb_row-id-gsbp-7611613>.gspb_row__content{display:flex;justify-content:space-between;margin:0 auto;width:100%;flex-wrap:wrap}#gspb_row-id-gsbp-7611613{margin-bottom:0}#gspb_col-id-gsbp-118e6e1.gspb_row__col--12{width:100%}@media (max-width:575.98px){#gspb_col-id-gsbp-118e6e1.gspb_row__col--12{width:100%}}#gspb_row-id-gsbp-e094e4a{justify-content:space-between;margin-top:0;margin-bottom:0;display:flex;flex-wrap:wrap}#gspb_row-id-gsbp-e094e4a>.gspb_row__content{display:flex;justify-content:space-between;margin:0 auto;width:100%;flex-wrap:wrap}#gspb_col-id-gsbp-4938343.gspb_row__col--12{width:100%}@media (max-width:575.98px){#gspb_col-id-gsbp-4938343.gspb_row__col--12{width:100%}}","content-type":"","footnotes":""},"class_list":["post-2917","page","type-page","status-publish","hentry"],"acf":[],"_links":{"self":[{"href":"https:\/\/osphim.com\/de\/wp-json\/wp\/v2\/pages\/2917","targetHints":{"allow":["GET"]}}],"collection":[{"href":"https:\/\/osphim.com\/de\/wp-json\/wp\/v2\/pages"}],"about":[{"href":"https:\/\/osphim.com\/de\/wp-json\/wp\/v2\/types\/page"}],"author":[{"embeddable":true,"href":"https:\/\/osphim.com\/de\/wp-json\/wp\/v2\/users\/3"}],"replies":[{"embeddable":true,"href":"https:\/\/osphim.com\/de\/wp-json\/wp\/v2\/comments?post=2917"}],"version-history":[{"count":1,"href":"https:\/\/osphim.com\/de\/wp-json\/wp\/v2\/pages\/2917\/revisions"}],"predecessor-version":[{"id":2919,"href":"https:\/\/osphim.com\/de\/wp-json\/wp\/v2\/pages\/2917\/revisions\/2919"}],"wp:attachment":[{"href":"https:\/\/osphim.com\/de\/wp-json\/wp\/v2\/media?parent=2917"}],"curies":[{"name":"wp","href":"https:\/\/api.w.org\/{rel}","templated":true}]}}