{"id":2870,"date":"2025-03-04T22:54:41","date_gmt":"2025-03-04T22:54:41","guid":{"rendered":"https:\/\/osphim.com\/osphim-app\/"},"modified":"2025-03-30T17:01:23","modified_gmt":"2025-03-30T17:01:23","slug":"osphim-app","status":"publish","type":"page","link":"https:\/\/osphim.com\/de\/osphim-app\/","title":{"rendered":"osphim-app"},"content":{"rendered":"\n<section class=\"header-section gsbp-e2e1ea2 alignwide\">\n<div class=\"header-wrapper gsbp-65482d4\">\n<h1 class=\"heading\">One App, all the features.<\/h1>\n\n\n\n<p class=\"content-text\">The OSPHIM-App is the user-facing application for realtime process insights and AI-driven optimizations.<\/p>\n\n\n\n<div class=\"btn-wrapper\">\n<a class=\"btn-border-gradient btn-border-gradient-small\" href=\"https:\/\/osphim.com\/contact\" target=\"_blank\" rel=\"noopener\" title=\"Contact\">\n<span class=\"gsbp-37a6933\">Read More<\/span>\n<\/a>\n<\/div>\n<\/div>\n<\/section>\n\n<div class=\"wp-block-greenshift-blocks-row gspb_row gspb_row-id-gsbp-8af1fb0\" id=\"gspb_row-id-gsbp-8af1fb0\"><div class=\"gspb_row__content\"> \n<div class=\"wp-block-greenshift-blocks-row-column gspb_row__col--12 gspb_col-id-gsbp-f7c823c\" id=\"gspb_col-id-gsbp-f7c823c\">\n<div class=\"wp-block-greenshift-blocks-image gspb_image gspb_image-id-gsbp-b6e3941\" id=\"gspb_image-id-gsbp-b6e3941\"><img decoding=\"async\" src=\"https:\/\/osphim.com\/wp-content\/uploads\/2025\/02\/app_laptopTablet.png\" data-src=\"\" alt=\"\" loading=\"lazy\" width=\"3990\" height=\"2305\"><\/div>\n<\/div>\n <\/div><\/div>\n\n<div class=\"wp-block-greenshift-blocks-row alignwide gspb_row gspb_row-id-gsbp-e152e75 iconCardsBlock\" id=\"gspb_row-id-gsbp-e152e75\"><div class=\"gspb_row__content\"> \n<div class=\"wp-block-greenshift-blocks-row-column gspb_row__col--12 gspb_col-id-gsbp-8e6d30f\" id=\"gspb_col-id-gsbp-8e6d30f\"><section id=\"icon-card-repeater-block_1f3b23b644e1daa1417724f8a908e355\" class=\"block-icon-card-repeater\">\n\t\t\t\t\t<div class=\"dngrid-3  \">\n\t\t\t\t\t\t\t<article>\n\t\t\t\t\t\t\t\t\t\t\t\t\t\t\t\t\t\t\t\t\t\t\t\t\t\t\t\t\t\t\t\t\t\t\t\t\t\t\t\t\t<span class=\"inline-block \">\n\t\t\t\t\t\t\t\t\t<span class=\"text-secondary material-symbols-rounded text-xl  -ml-[.125em] -mx-[.197em] \">person_check <\/span>\n\t\t\t\t\t\t\t\t<\/span>\n\t\t\t\t\t\t\t\t\t\t\t\t\t\t\t\t\t\t\t\t\t\t\t\t\t\t\t\t\t\t<h1 class=\"!text-xl font-bold !mt-0 mb-space-xs\">Benutzerfreundliches Interface<\/h1>\n\t\t\t\t\t<hr class=\"bg-gradient-to-r from-primary to-secondary h-[1px] m-0 mb-space-s border-none\">\n\t\t\t\t\t<div class=\"wysiwyg\">\n\t\t\t\t\t\tIntuitive Dashboards f\u00fcr eine schnelle Entscheidungsfindung\t\t\t\t\t<\/div>\n\t\t\t\t<\/article>\n\t\t\t\t\t\t\t<article>\n\t\t\t\t\t\t\t\t\t\t\t\t\t\t\t\t\t\t\t\t\t\t\t\t\t\t\t\t\t\t\t\t\t\t\t\t\t\t\t\t\t<span class=\"inline-block \">\n\t\t\t\t\t\t\t\t\t<span class=\"text-secondary material-symbols-rounded text-xl  -ml-[.125em] -mx-[.197em] \">tune <\/span>\n\t\t\t\t\t\t\t\t<\/span>\n\t\t\t\t\t\t\t\t\t\t\t\t\t\t\t\t\t\t\t\t\t\t\t\t\t\t\t\t\t\t<h1 class=\"!text-xl font-bold !mt-0 mb-space-xs\">Processoptimierung<\/h1>\n\t\t\t\t\t<hr class=\"bg-gradient-to-r from-primary to-secondary h-[1px] m-0 mb-space-s border-none\">\n\t\t\t\t\t<div class=\"wysiwyg\">\n\t\t\t\t\t\tErhalten Sie KI-basierte Empfehlungen zur Optimierung\t\t\t\t\t<\/div>\n\t\t\t\t<\/article>\n\t\t\t\t\t\t\t<article>\n\t\t\t\t\t\t\t\t\t\t\t\t\t\t\t\t\t\t\t\t\t\t\t\t\t\t\t\t\t\t\t\t\t\t\t\t\t\t\t\t\t<span class=\"inline-block \">\n\t\t\t\t\t\t\t\t\t<span class=\"text-secondary material-symbols-rounded text-xl  -ml-[.125em] -mx-[.197em] \">globe_location_pin <\/span>\n\t\t\t\t\t\t\t\t<\/span>\n\t\t\t\t\t\t\t\t\t\t\t\t\t\t\t\t\t\t\t\t\t\t\t\t\t\t\t\t\t\t<h1 class=\"!text-xl font-bold !mt-0 mb-space-xs\">\u00dcberall zug\u00e4nglich<\/h1>\n\t\t\t\t\t<hr class=\"bg-gradient-to-r from-primary to-secondary h-[1px] m-0 mb-space-s border-none\">\n\t\t\t\t\t<div class=\"wysiwyg\">\n\t\t\t\t\t\tFern\u00fcberwachung und -steuerung f\u00fcr Sie ma\u00dfgeschneidert\t\t\t\t\t<\/div>\n\t\t\t\t<\/article>\n\t\t\t\t\t<\/div>\n\t<\/section><\/div>\n <\/div><\/div>\n\n<div class=\"wp-block-greenshift-blocks-row alignwide gspb_row gspb_row-id-gsbp-9d7a968 textAndImageBlock\" id=\"gspb_row-id-gsbp-9d7a968\">\n<div class=\"wp-block-greenshift-blocks-row-column gspb_row__col--12 gspb_col-id-gsbp-448c3c0\" id=\"gspb_col-id-gsbp-448c3c0\"><section id=\"blocktextandimage-block_32968e7607aff4f567e5ba0c5d06bbe0\" class=\"block-blocktextandimage checkmarklist\">\n\t<div class=\"grid md:grid-cols-2 gap-space-xl  \">\n\t\t<div class=\" md:order-2 \">\n\t\t\t\t\t\t\t\t\t\t<figure class=\" leading-none mb-0 w-full  h-auto object-cover \"><img decoding=\"async\"  class=\"dn-no-drag w-full h-auto object-cover\"  src=\"https:\/\/osphim.com\/wp-content\/uploads\/2025\/02\/app_howItWorks.png\" srcset=\"https:\/\/osphim.com\/wp-content\/uploads\/2025\/02\/app_howItWorks.png 3715w, https:\/\/osphim.com\/wp-content\/uploads\/2025\/02\/app_howItWorks-300x185.png 300w, https:\/\/osphim.com\/wp-content\/uploads\/2025\/02\/app_howItWorks-1024x632.png 1024w, https:\/\/osphim.com\/wp-content\/uploads\/2025\/02\/app_howItWorks-768x474.png 768w, https:\/\/osphim.com\/wp-content\/uploads\/2025\/02\/app_howItWorks-1536x948.png 1536w, https:\/\/osphim.com\/wp-content\/uploads\/2025\/02\/app_howItWorks-2048x1264.png 2048w\" sizes=\"auto, (max-width: 2560px) 100vw, 2560px\" width=\"2560\" height=\"1579\" alt=\"app_howItWorks\" loading=\"lazy\" \/><\/figure>\t\t\t\t\t<\/div>\n\t\t<div class=\"wysiwyg\">\n\t\t\t<h2>How it works<\/h2>\n<hr>\n<p>Die OSPHIM-App verbindet sich mit unserer OSPHIM-Cloud-Infrastruktur \u00fcber den auf Ihrem Ger\u00e4t verf\u00fcgbaren Webbrowser.<\/p>\n<ul>\n<li>Es werden keine Daten auf Ihrem mobilen Ger\u00e4t gespeichert<\/li>\n<li>Mac-, Windows- und Linux-Benutzer sind willkommen<\/li>\n<li>Zentraler Zugriff auf alle Funktionen und Daten<\/li>\n<\/ul>\n\t\t<\/div>\n\t<\/div>\n<\/section><\/div>\n<\/div>\n\n<div class=\"wp-block-greenshift-blocks-row gspb_row gspb_row-id-gsbp-ecea1e9 textCenteredHeadline\" id=\"gspb_row-id-gsbp-ecea1e9\"><div class=\"gspb_row__content\"> \n<div class=\"wp-block-greenshift-blocks-row-column gspb_row__col--12 gspb_col-id-gsbp-ed3a8fa\" id=\"gspb_col-id-gsbp-ed3a8fa\">\n<h2 class=\"wp-block-heading has-text-align-center font-bold\" id=\"boost-your-production\">Steigern Sie Ihre Produktion<\/h2>\n\n\n\n<p class=\"has-text-align-center text-balance text-center\">Alle Funktionen von OSPHIM an einem Ort<\/p>\n<\/div>\n <\/div><\/div>\n\n<section class=\"features-columns gsbp-5372e0b alignwide\">\n<div class=\"gsbp-eb87662\">\n<div class=\"features-columns_column-text gsbp-d964b5c\">\n<div class=\"features-columns_item\">\n\n\n\n\n<div class=\"features-columns_text-wrapper\">\n<div class=\"features-columns_name\">AI model training<\/div>\n\n\n\n<div class=\"features-columns_description\">Train and refine AI models to optimize injection molding processes with adaptive learning.<\/div>\n<\/div>\n<\/div>\n\n\n\n<div class=\"features-columns_item\">\n\n\n\n\n<div class=\"features-columns_text-wrapper\">\n<div class=\"features-columns_name\">Experimentation<\/div>\n\n\n\n<div class=\"features-columns_description\">Test and validate process settings with guided AI-driven experiments for better efficiency.<\/div>\n<\/div>\n<\/div>\n\n\n\n<div class=\"features-columns_item\">\n\n\n\n\n<div class=\"features-columns_text-wrapper\">\n<div class=\"features-columns_name\">Dashboards<\/div>\n\n\n\n<div class=\"features-columns_description\">Visualize key production data with real-time insights and customizable analytics panels.<\/div>\n<\/div>\n<\/div>\n<\/div>\n\n\n\n<div class=\"features-columns_column-image gsbp-6e92d88\">\n<img decoding=\"async\" src=\"https:\/\/osphim.com\/wp-content\/uploads\/2025\/02\/app_features.png\" alt=\"\" width=\"1376\" height=\"1929\" loading=\"lazy\" \/>\n<\/div>\n\n\n\n<div class=\"features-columns_column-text gsbp-35dbe1e\">\n<div class=\"features-columns_item\">\n\n\n\n\n<div class=\"features-columns_text-wrapper\">\n<div class=\"features-columns_name\">Process Monitoring<\/div>\n\n\n\n<div class=\"features-columns_description\">Detect process deviations early using AI-powered pattern recognition and alerts.<\/div>\n<\/div>\n<\/div>\n\n\n\n<div class=\"features-columns_item\">\n\n\n\n\n<div class=\"features-columns_text-wrapper\">\n<div class=\"features-columns_name\">Asset Management<\/div>\n\n\n\n<div class=\"features-columns_description\">Organize, monitor, and optimize tooling and machine assets for improved utilization.<\/div>\n<\/div>\n<\/div>\n\n\n\n<div class=\"features-columns_item\">\n\n\n\n\n<div class=\"features-columns_text-wrapper\">\n<div class=\"features-columns_name\">Notifications &amp; Alerts<\/div>\n\n\n\n<div class=\"features-columns_description\">Stay informed with real-time alerts and smart notifications for process deviations.<\/div>\n<\/div>\n<\/div>\n<\/div>\n<\/div>\n<\/section>\n\n<div class=\"wp-block-greenshift-blocks-row gspb_row gspb_row-id-gsbp-7fb7da5 textCenteredHeadline\" id=\"gspb_row-id-gsbp-7fb7da5\"><div class=\"gspb_row__content\"> \n<div class=\"wp-block-greenshift-blocks-row-column gspb_row__col--12 gspb_col-id-gsbp-24651dd\" id=\"gspb_col-id-gsbp-24651dd\">\n<h2 class=\"wp-block-heading has-text-align-center font-bold\" id=\"boost-your-production\">Hohe Intuitivit\u00e4t und Benutzerfreundlichkeit<\/h2>\n\n\n\n<p class=\"has-text-align-center text-balance text-center\">Unternehmen legen gro\u00dfen Wert auf die einfache \u00dcbernahme durch alle Kollegen<\/p>\n<\/div>\n <\/div><\/div>\n\n<div class=\"wp-block-greenshift-blocks-row alignwide gspb_row gspb_row-id-gsbp-72f642a\" id=\"gspb_row-id-gsbp-72f642a\"><div class=\"gspb_row__content\"> \n<div class=\"wp-block-greenshift-blocks-row-column gspb_row__col--6 gspb_col-id-gsbp-3fc1bf2\" id=\"gspb_col-id-gsbp-3fc1bf2\">\n<div class=\"wp-block-greenshift-blocks-image gspb_image gspb_image-id-gsbp-0afd36c\" id=\"gspb_image-id-gsbp-0afd36c\"><img decoding=\"async\" src=\"https:\/\/osphim.com\/wp-content\/uploads\/2025\/02\/app_quote.png\" data-src=\"\" alt=\"\" loading=\"lazy\" width=\"3061\" height=\"2514\"><\/div>\n<\/div>\n\n\n\n<div class=\"wp-block-greenshift-blocks-row-column gspb_row__col--6 gspb_col-id-gsbp-4601eec\" id=\"gspb_col-id-gsbp-4601eec\">\n<div class=\"gsbp-d78836a\">\n<h3 class=\"gsbp-1743670\">Dr. Julia Gebauer<\/h3>\n\n\n\n<p><em>\u201eWir wollen die Zusammenarbeit mit OSPHIM fortsetzen, um die Integration unserer Daten in den kontinuierlichen Verbesserungsprozess (KVP) zu vertiefen. Erste Versuche mit der KI von OSPHIM zeigen einen klaren Weg zu einer L\u00f6sung auf und machen uns zukunftssicher, um langfristig wettbewerbsf\u00e4hig zu bleiben.\u201c<\/em><\/p>\n\n\n\n<div class=\"btn-wrapper gsbp-3900925\">\n<a class=\"download-btn wp-element-button gsbp-e9917e8\" href=\"https:\/\/www.plastverarbeiter.de\/automation\/wie-ki-dabei-unterstuetzt-die-spritzgiessproduktion-von-schokoladenformen-zu-optimieren-253.html\" target=\"_blank\" rel=\"noopener\" title=\"Contact\">\n<span class=\"gsbp-4abaee8\">Read More<\/span>\n<\/a>\n<\/div>\n<\/div>\n<\/div>\n <\/div><\/div>\n\n<div class=\"wp-block-greenshift-blocks-row alignwide gspb_row gspb_row-id-gsbp-0275702 imageCardsFromPostsBlock\" id=\"gspb_row-id-gsbp-0275702\"><div class=\"gspb_row__content\"> \n<div class=\"wp-block-greenshift-blocks-row-column gspb_row__col--12 gspb_col-id-gsbp-4b94df7\" id=\"gspb_col-id-gsbp-4b94df7\"><section id=\"image-cards-from-relationship-block_d1d59ceea629227a8f58da60c21c90ba\" class=\"block-image-cards-from-relationship\">\n\t<div class=\"dngrid-3\">\n\t\t\t\t\t\t\t\t\t\t\t<article class=\"block\">\n\t\t\t\t\t\t\t\t\t\t<a href=\"https:\/\/osphim.com\/industry-trends-from-npe-2024-energy-saving-solutions\/\" class=\"group flex flex-col !no-underline !text-white hoverGlowWithBorder   hover:bg-primary-10 transition-all\">\n\t\t\t\t\t\t<div class=\"group-hover:scale-90 transition-all duration-500\">\n\t\t\t\t\t\t\t<figure class=\"aspect-video w-full  h-auto object-cover mb-base \"><img decoding=\"async\"  class=\"dn-no-drag w-full h-auto object-cover\"  src=\"https:\/\/osphim.com\/wp-content\/uploads\/2024\/05\/posts_npe_2024.png\" srcset=\"https:\/\/osphim.com\/wp-content\/uploads\/2024\/05\/posts_npe_2024.png 2475w, https:\/\/osphim.com\/wp-content\/uploads\/2024\/05\/posts_npe_2024-300x300.png 300w, https:\/\/osphim.com\/wp-content\/uploads\/2024\/05\/posts_npe_2024-1024x1024.png 1024w, https:\/\/osphim.com\/wp-content\/uploads\/2024\/05\/posts_npe_2024-150x150.png 150w, https:\/\/osphim.com\/wp-content\/uploads\/2024\/05\/posts_npe_2024-768x768.png 768w, https:\/\/osphim.com\/wp-content\/uploads\/2024\/05\/posts_npe_2024-1536x1536.png 1536w, https:\/\/osphim.com\/wp-content\/uploads\/2024\/05\/posts_npe_2024-2048x2048.png 2048w\" sizes=\"auto, (max-width: 2560px) 100vw, 2560px\" width=\"2475\" height=\"2475\" alt=\"posts_npe_2024\" loading=\"lazy\" \/><\/figure>\t\t\t\t\t\t\t<h1 class=\"!text-xl font-bold !mt-0 mb-space-xs widthCalc\">Industry Trends @ NPE 2024: Energy-Saving Solutions<\/h1>\n\t\t\t\t\t\t\t<hr class=\"bg-gradient-to-r from-primary to-secondary h-[1px] m-0 mb-space-s border-none\">\n\t\t\t\t\t\t\t<div class=\"widthCalc\">\n\t\t\t\t\t\t\t\tNPE 2024 The Plastics Show\t\t\t\t\t\t\t<\/div>\n\t\t\t\t\t\t\t<span class=\"font-bold leadiing-wider mt-auto\">mehr lesen<\/span>\n\t\t\t\t\t\t<\/div>\n\t\t\t\t\t<\/a>\n\t\t\t\t<\/article>\n\t\t\t\t\t\t\t<article class=\"block\">\n\t\t\t\t\t\t\t\t\t\t<a href=\"https:\/\/osphim.com\/how-data-drives-recycled-plastics-adoption\/\" class=\"group flex flex-col !no-underline !text-white hoverGlowWithBorder   hover:bg-primary-10 transition-all\">\n\t\t\t\t\t\t<div class=\"group-hover:scale-90 transition-all duration-500\">\n\t\t\t\t\t\t\t<figure class=\"aspect-video w-full  h-auto object-cover mb-base \"><img decoding=\"async\"  class=\"dn-no-drag w-full h-auto object-cover\"  src=\"https:\/\/osphim.com\/wp-content\/uploads\/2025\/02\/2025-02-03_OSPHIM_BlogPost_Adoption-Recycled-Plastics.png\" srcset=\"https:\/\/osphim.com\/wp-content\/uploads\/2025\/02\/2025-02-03_OSPHIM_BlogPost_Adoption-Recycled-Plastics.png 1200w, https:\/\/osphim.com\/wp-content\/uploads\/2025\/02\/2025-02-03_OSPHIM_BlogPost_Adoption-Recycled-Plastics-300x300.png 300w, https:\/\/osphim.com\/wp-content\/uploads\/2025\/02\/2025-02-03_OSPHIM_BlogPost_Adoption-Recycled-Plastics-1024x1024.png 1024w, https:\/\/osphim.com\/wp-content\/uploads\/2025\/02\/2025-02-03_OSPHIM_BlogPost_Adoption-Recycled-Plastics-150x150.png 150w, https:\/\/osphim.com\/wp-content\/uploads\/2025\/02\/2025-02-03_OSPHIM_BlogPost_Adoption-Recycled-Plastics-768x768.png 768w\" sizes=\"auto, (max-width: 2560px) 100vw, 2560px\" width=\"1200\" height=\"1200\" alt=\"2025-02-03_OSPHIM_BlogPost_Adoption Recycled Plastics\" loading=\"lazy\" \/><\/figure>\t\t\t\t\t\t\t<h1 class=\"!text-xl font-bold !mt-0 mb-space-xs widthCalc\">How Data Drives Recycled Plastics Adoption<\/h1>\n\t\t\t\t\t\t\t<hr class=\"bg-gradient-to-r from-primary to-secondary h-[1px] m-0 mb-space-s border-none\">\n\t\t\t\t\t\t\t<div class=\"widthCalc\">\n\t\t\t\t\t\t\t\tData-driven insights optimize recycling, ensuring quality, compliance, and sustainability in a circular economy.\t\t\t\t\t\t\t<\/div>\n\t\t\t\t\t\t\t<span class=\"font-bold leadiing-wider mt-auto\">mehr lesen<\/span>\n\t\t\t\t\t\t<\/div>\n\t\t\t\t\t<\/a>\n\t\t\t\t<\/article>\n\t\t\t\t\t\t\t<article class=\"block\">\n\t\t\t\t\t\t\t\t\t\t<a href=\"https:\/\/osphim.com\/connect-user-meeting-2024\/\" class=\"group flex flex-col !no-underline !text-white hoverGlowWithBorder   hover:bg-primary-10 transition-all\">\n\t\t\t\t\t\t<div class=\"group-hover:scale-90 transition-all duration-500\">\n\t\t\t\t\t\t\t<figure class=\"aspect-video w-full  h-auto object-cover mb-base \"><img decoding=\"async\"  class=\"dn-no-drag w-full h-auto object-cover\"  src=\"https:\/\/osphim.com\/wp-content\/uploads\/2024\/10\/posts_connect_2024.png\" srcset=\"https:\/\/osphim.com\/wp-content\/uploads\/2024\/10\/posts_connect_2024.png 2475w, https:\/\/osphim.com\/wp-content\/uploads\/2024\/10\/posts_connect_2024-300x300.png 300w, https:\/\/osphim.com\/wp-content\/uploads\/2024\/10\/posts_connect_2024-1024x1024.png 1024w, https:\/\/osphim.com\/wp-content\/uploads\/2024\/10\/posts_connect_2024-150x150.png 150w, https:\/\/osphim.com\/wp-content\/uploads\/2024\/10\/posts_connect_2024-768x768.png 768w, https:\/\/osphim.com\/wp-content\/uploads\/2024\/10\/posts_connect_2024-1536x1536.png 1536w, https:\/\/osphim.com\/wp-content\/uploads\/2024\/10\/posts_connect_2024-2048x2048.png 2048w\" sizes=\"auto, (max-width: 2560px) 100vw, 2560px\" width=\"2475\" height=\"2475\" alt=\"posts_connect_2024\" loading=\"lazy\" \/><\/figure>\t\t\t\t\t\t\t<h1 class=\"!text-xl font-bold !mt-0 mb-space-xs widthCalc\">CONNECT Moldflow User Meeting 2024 \u2013 A Highlight in Frankfurt!<\/h1>\n\t\t\t\t\t\t\t<hr class=\"bg-gradient-to-r from-primary to-secondary h-[1px] m-0 mb-space-s border-none\">\n\t\t\t\t\t\t\t<div class=\"widthCalc\">\n\t\t\t\t\t\t\t\tAt the heart of my participation was my presentation on \u201cIntelligent Parameter Optimization in Injection Molding through Human-Machine Cooperation in Simulation and Reality.\u201d I introduced our project, which developed an innovative solution&#8230;\t\t\t\t\t\t\t<\/div>\n\t\t\t\t\t\t\t<span class=\"font-bold leadiing-wider mt-auto\">mehr lesen<\/span>\n\t\t\t\t\t\t<\/div>\n\t\t\t\t\t<\/a>\n\t\t\t\t<\/article>\n\t\t\t\t\t\t\t\t\t<\/div>\n<\/section><\/div>\n <\/div><\/div>\n\n<div class=\"wp-block-greenshift-blocks-row alignwide gspb_row gspb_row-id-gsbp-64517d8 ctaBlock\" id=\"gspb_row-id-gsbp-64517d8\"><div class=\"gspb_row__content\"> \n<div class=\"wp-block-greenshift-blocks-row-column gspb_row__col--12 gspb_col-id-gsbp-7072cc3\" id=\"gspb_col-id-gsbp-7072cc3\"><style type=\"text\/css\">\n\t#cta2-block_3c3f14705f7e533f61549a1fef5ab4d8h2 {\n\t\tmargin-top: 0;\n\t\tfont-weight: bold;\n\t}\n<\/style>\n<section id=\"cta2-block_3c3f14705f7e533f61549a1fef5ab4d8\" class=\"block-cta2 border-gradient\">\n\t<div class=\"flex flex-col items-center bg-primaryhex22  p-space-xl \">\n\t\t<div class=\"wysiwyg text-center\">\n\t\t\t<h2>Bereit f\u00fcr die App?<\/h2>\n<p>Setzen Sie sich mit uns in Verbindung und sprechen Sie \u00fcber Anwendungen in Ihrem Betrieb!<\/p>\n\t\t<\/div>\n\t\t\t\t\t\t\t<a class=\"btn-border-gradient mt-space-m !no-underline\" href=\"https:\/\/osphim.com\/contact\/\" target=\"\">\n\t\t\t\t<span class=\"text-white text-lg font-bold no-underline\">\n\t\t\t\t\tKontakt\t\t\t\t<\/span>\n\t\t\t<\/a>\n\t\t\t<\/div>\n<\/section><\/div>\n <\/div><\/div>\n","protected":false},"excerpt":{"rendered":"","protected":false},"author":6,"featured_media":0,"parent":0,"menu_order":0,"comment_status":"closed","ping_status":"closed","template":"no-title","meta":{"_acf_changed":false,"_gspb_post_css":".header-section{align-items:center;position:relative;margin-top:0;margin-bottom:0;padding-top:80px;background-color:#f7f8f8;overflow:hidden;z-index:1}.gsbp-e2e1ea2,.header-section,.header-wrapper{display:flex;justify-content:center;flex-direction:column}.gsbp-e2e1ea2{align-items:center;background-color:#00000000}.header-wrapper{row-gap:24px;max-width:558px;margin-right:auto;margin-left:auto}.gsbp-65482d4{margin-top:4rem}body .heading:is(h1,h2,h3,h4,h5,h6){text-align:center;font-size:64px;margin-top:0;margin-bottom:0;line-height:1.1;font-weight:600;letter-spacing:-.8px}@media (max-width:767.98px){body .heading:is(h1,h2,h3,h4,h5,h6){font-size:48px}}@media (max-width:575.98px){body .heading:is(h1,h2,h3,h4,h5,h6){font-size:48px}}body .content-text:is(p){text-align:center;margin-top:0;margin-bottom:0;font-size:20px;line-height:32px;letter-spacing:.6px}#gspb_row-id-gsbp-0275702,#gspb_row-id-gsbp-64517d8,#gspb_row-id-gsbp-72f642a,#gspb_row-id-gsbp-7fb7da5,#gspb_row-id-gsbp-8af1fb0,#gspb_row-id-gsbp-9d7a968,#gspb_row-id-gsbp-e152e75,#gspb_row-id-gsbp-ecea1e9{justify-content:space-between;margin-top:0;margin-bottom:0;display:flex;flex-wrap:wrap}#gspb_row-id-gsbp-8af1fb0>.gspb_row__content{display:flex;justify-content:space-between;margin:0 auto;width:100%;flex-wrap:wrap}div[id^=gspb_col-id]{box-sizing:border-box;position:relative;padding:var(--gs-row-column-padding, 15px min(3vw, 20px))}body.gspb-bodyfront #gspb_row-id-gsbp-0275702>.gspb_row__content,body.gspb-bodyfront #gspb_row-id-gsbp-64517d8>.gspb_row__content,body.gspb-bodyfront #gspb_row-id-gsbp-72f642a>.gspb_row__content,body.gspb-bodyfront #gspb_row-id-gsbp-7fb7da5>.gspb_row__content,body.gspb-bodyfront #gspb_row-id-gsbp-8af1fb0>.gspb_row__content,body.gspb-bodyfront #gspb_row-id-gsbp-e152e75>.gspb_row__content,body.gspb-bodyfront #gspb_row-id-gsbp-ecea1e9>.gspb_row__content{max-width:var(--wp--style--global--wide-size, 1340px)}#gspb_col-id-gsbp-f7c823c.gspb_row__col--12{width:100%}@media (max-width:575.98px){#gspb_col-id-gsbp-f7c823c.gspb_row__col--12{width:100%}}#gspb_image-id-gsbp-b6e3941 img{vertical-align:top;display:inline-block;box-sizing:border-box;max-width:100%;height:auto}#gspb_row-id-gsbp-e152e75>.gspb_row__content{display:flex;justify-content:space-between;margin:0 auto;width:100%;flex-wrap:wrap}#gspb_col-id-gsbp-8e6d30f.gspb_row__col--12{width:100%}@media (max-width:575.98px){#gspb_col-id-gsbp-8e6d30f.gspb_row__col--12{width:100%}}#gspb_row-id-gsbp-9d7a968>.gspb_row__content{display:flex;justify-content:space-between;margin:0 auto;width:100%;flex-wrap:wrap}#gspb_col-id-gsbp-448c3c0.gspb_row__col--12{width:100%}@media (max-width:575.98px){#gspb_col-id-gsbp-448c3c0.gspb_row__col--12{width:100%}}#gspb_row-id-gsbp-ecea1e9>.gspb_row__content{display:flex;justify-content:space-between;margin:0 auto;width:100%;flex-wrap:wrap}#gspb_col-id-gsbp-ed3a8fa.gspb_row__col--12{width:100%}@media (max-width:575.98px){#gspb_col-id-gsbp-ed3a8fa.gspb_row__col--12{width:100%}}.features-columns,.features-columns a{color:#fff}.features-columns .features-columns_icon{width:25px;height:25px;fill:#565d66;min-width:25px;min-height:25px}.features-columns .features-columns_item{display:flex;flex-direction:row;column-gap:15px;row-gap:15px;justify-content:flex-start;align-items:flex-start}.features-columns .features-columns_name{font-weight:600;margin-bottom:15px;font-size:22px;line-height:28px}.features-columns .features-columns_description{font-size:15px;opacity:.5;line-height:26px}.features-columns .features-columns_column-text{display:flex;flex-direction:column;row-gap:30px;justify-content:space-between}.gsbp-5372e0b{display:flex;justify-content:center;flex-direction:column;align-items:center;margin-top:0;margin-bottom:0;padding-top:80px;padding-bottom:80px}@media (max-width:991.98px){.gsbp-5372e0b{padding-right:min(3vw,20px);padding-left:min(3vw,20px)}}@media (max-width:575.98px){.gsbp-5372e0b{padding-top:50px;padding-bottom:50px}}.gsbp-eb87662{max-width:100%;width:var(--wp--style--global--wide-size, 1200px);display:flex;column-gap:70px;row-gap:50px;flex-wrap:wrap}.gsbp-eb87662>:not(style):nth-of-type(3n+1){width:calc(33.33% - (70px*(3 - 1)\/3))}@media (max-width:991.98px){.gsbp-eb87662>:not(style):nth-of-type(3n+1){width:calc(50% - (70px*(3 - 1)\/3))}}@media (max-width:575.98px){.gsbp-eb87662>:not(style):nth-of-type(3n+1){width:100%}}.gsbp-eb87662>:not(style):nth-of-type(3n+2){width:calc(33.33% - (70px*(3 - 1)\/3))}@media (max-width:991.98px){.gsbp-eb87662>:not(style):nth-of-type(3n+2){width:calc(50% - (70px*(3 - 1)\/3))}}@media (max-width:575.98px){.gsbp-eb87662>:not(style):nth-of-type(3n+2){width:100%}}.gsbp-eb87662>:not(style):nth-of-type(3n+3){width:calc(33.33% - (70px*(3 - 1)\/3))}@media (max-width:991.98px){.gsbp-eb87662>:not(style):nth-of-type(3n+3){width:100%}}@media (max-width:575.98px){.gsbp-eb87662>:not(style):nth-of-type(3n+3){width:100%}}#gspb_row-id-gsbp-7fb7da5>.gspb_row__content{display:flex;justify-content:space-between;margin:0 auto;width:100%;flex-wrap:wrap}#gspb_col-id-gsbp-24651dd.gspb_row__col--12{width:100%}@media (max-width:575.98px){#gspb_col-id-gsbp-24651dd.gspb_row__col--12{width:100%}}#gspb_row-id-gsbp-72f642a>.gspb_row__content{display:flex;justify-content:space-between;margin:0 auto;width:100%;flex-wrap:wrap}#gspb_col-id-gsbp-3fc1bf2.gspb_row__col--6{width:50%}@media (max-width:575.98px){#gspb_col-id-gsbp-3fc1bf2.gspb_row__col--6{width:100%}}#gspb_image-id-gsbp-0afd36c img{vertical-align:top;display:inline-block;box-sizing:border-box;max-width:100%;height:auto}#gspb_col-id-gsbp-4601eec.gspb_row__col--6{width:50%}@media (max-width:575.98px){#gspb_col-id-gsbp-4601eec.gspb_row__col--6{width:100%}}.gspb_row #gspb_col-id-gsbp-4601eec.gspb_row__col--6{padding-top:4rem}.gsbp-d78836a{padding-top:1rem;padding-bottom:1px;border-left-width:3px;border-left-style:solid;padding-left:1rem}.gsbp-1743670{color:#757575}.btn-wrapper{display:flex;justify-content:center;padding:8px 24px;column-gap:8px;row-gap:8px}.gsbp-3900925{justify-self:start;padding-left:0}.download-btn{text-decoration:none;font-size:18px;font-weight:500;line-height:24px;padding:12px 24px;border-top-left-radius:32px;border-top-right-radius:32px;border-bottom-right-radius:32px;border-bottom-left-radius:32px;max-width:250px;width:100%;text-align:center}@media (max-width:575.98px){.download-btn{max-width:198px}}.gsbp-e9917e8{background-color:#00000000;border-width:3px;border-style:solid;border-color:#a20091}#gspb_row-id-gsbp-0275702>.gspb_row__content{display:flex;justify-content:space-between;margin:0 auto;width:100%;flex-wrap:wrap}.gspb_row{position:relative}#gspb_col-id-gsbp-4b94df7.gspb_row__col--12{width:100%}@media (max-width:575.98px){#gspb_col-id-gsbp-4b94df7.gspb_row__col--12{width:100%}}#gspb_row-id-gsbp-64517d8>.gspb_row__content{display:flex;justify-content:space-between;margin:0 auto;width:100%;flex-wrap:wrap}#gspb_col-id-gsbp-7072cc3.gspb_row__col--12{width:100%}@media (max-width:575.98px){#gspb_col-id-gsbp-7072cc3.gspb_row__col--12{width:100%}}","content-type":"","footnotes":""},"class_list":["post-2870","page","type-page","status-publish","hentry"],"acf":[],"_links":{"self":[{"href":"https:\/\/osphim.com\/de\/wp-json\/wp\/v2\/pages\/2870","targetHints":{"allow":["GET"]}}],"collection":[{"href":"https:\/\/osphim.com\/de\/wp-json\/wp\/v2\/pages"}],"about":[{"href":"https:\/\/osphim.com\/de\/wp-json\/wp\/v2\/types\/page"}],"author":[{"embeddable":true,"href":"https:\/\/osphim.com\/de\/wp-json\/wp\/v2\/users\/6"}],"replies":[{"embeddable":true,"href":"https:\/\/osphim.com\/de\/wp-json\/wp\/v2\/comments?post=2870"}],"version-history":[{"count":4,"href":"https:\/\/osphim.com\/de\/wp-json\/wp\/v2\/pages\/2870\/revisions"}],"predecessor-version":[{"id":2934,"href":"https:\/\/osphim.com\/de\/wp-json\/wp\/v2\/pages\/2870\/revisions\/2934"}],"wp:attachment":[{"href":"https:\/\/osphim.com\/de\/wp-json\/wp\/v2\/media?parent=2870"}],"curies":[{"name":"wp","href":"https:\/\/api.w.org\/{rel}","templated":true}]}}